{"id":671306,"date":"2026-04-12T01:01:50","date_gmt":"2026-04-12T05:01:50","guid":{"rendered":"https:\/\/influencesport.ca\/?post_type=product&#038;p=671306"},"modified":"2026-04-16T11:42:58","modified_gmt":"2026-04-16T15:42:58","slug":"adidas-f50-messi-league-fg-mg-j-3","status":"publish","type":"product","link":"https:\/\/influencesport.ca\/en\/produit\/adidas-f50-messi-league-fg-mg-j-3\/","title":{"rendered":"Adidas F50 Messi League FG\/MG J"},"content":{"rendered":"","protected":false},"excerpt":{"rendered":"<p><strong>D\u00e9tails sur le produit : JQ0943<\/strong><\/p>\n<p>Les chaussures de football F50 Messi League pour terrains fermes\/multi-terrains sont con\u00e7ues pour les ic\u00f4nes du football de demain. Adapt\u00e9es aux pr\u00e9f\u00e9rences de Messi, ces chaussures offrent une sensation de l\u00e9g\u00e8ret\u00e9, un confort optimal et un contr\u00f4le du ballon exceptionnel. La tige Hybridtouch assure un maintien moul\u00e9 et un amorti cibl\u00e9 pour un confort et un toucher de balle exceptionnels. La languette flottante synth\u00e9tique est l\u00e9g\u00e8re et perfor\u00e9e pour une meilleure respirabilit\u00e9. Dot\u00e9es de la technologie Sprintplate 360, ces chaussures de football int\u00e8grent une semelle ext\u00e9rieure en TPU reprenant l&#8217;ADN du design F50, le tout \u00e0 un prix attractif. Le logo adidas et celui de Messi apportent une touche d&#8217;inspiration, encourageant les jeunes \u00e0 jouer avec passion et cr\u00e9ativit\u00e9. Qu&#8217;ils marquent des buts ou d\u00e9fendent leur terrain, ces chaussures offrent un maintien optimal \u00e0 chaque mouvement.<\/p>\n","protected":false},"featured_media":672420,"template":"","meta":{"_et_pb_use_builder":"","_et_pb_old_content":"","_et_gb_content_width":""},"product_brand":[],"product_cat":[17,16],"product_tag":[],"class_list":{"0":"post-671306","1":"product","2":"type-product","3":"status-publish","4":"has-post-thumbnail","6":"product_cat-crampons","7":"product_cat-souliers-soccer","9":"first","10":"instock","11":"featured","12":"taxable","13":"shipping-taxable","14":"purchasable","15":"product-type-variable"},"tiered_pricing_type":"fixed","tiered_pricing_fixed_rules":[],"tiered_pricing_product_settings":{"layout":"default","base_unit_name":{"singular":null,"plural":null},"default_variation":null},"tiered_pricing_minimum_quantity":null,"tiered_pricing_roles_data":[],"tiered_pricing_percentage_rules":[],"_links":{"self":[{"href":"https:\/\/influencesport.ca\/en\/wp-json\/wp\/v2\/product\/671306","targetHints":{"allow":["GET"]}}],"collection":[{"href":"https:\/\/influencesport.ca\/en\/wp-json\/wp\/v2\/product"}],"about":[{"href":"https:\/\/influencesport.ca\/en\/wp-json\/wp\/v2\/types\/product"}],"wp:featuredmedia":[{"embeddable":true,"href":"https:\/\/influencesport.ca\/en\/wp-json\/wp\/v2\/media\/672420"}],"wp:attachment":[{"href":"https:\/\/influencesport.ca\/en\/wp-json\/wp\/v2\/media?parent=671306"}],"wp:term":[{"taxonomy":"product_brand","embeddable":true,"href":"https:\/\/influencesport.ca\/en\/wp-json\/wp\/v2\/product_brand?post=671306"},{"taxonomy":"product_cat","embeddable":true,"href":"https:\/\/influencesport.ca\/en\/wp-json\/wp\/v2\/product_cat?post=671306"},{"taxonomy":"product_tag","embeddable":true,"href":"https:\/\/influencesport.ca\/en\/wp-json\/wp\/v2\/product_tag?post=671306"}],"curies":[{"name":"wp","href":"https:\/\/api.w.org\/{rel}","templated":true}]}}