{"id":669466,"date":"2026-04-03T00:38:43","date_gmt":"2026-04-03T04:38:43","guid":{"rendered":"https:\/\/influencesport.ca\/?post_type=product&#038;p=669466"},"modified":"2026-04-16T13:17:57","modified_gmt":"2026-04-16T17:17:57","slug":"nike-phantom-6-high-academy-fg-mg-nu3","status":"publish","type":"product","link":"https:\/\/influencesport.ca\/en\/produit\/nike-phantom-6-high-academy-fg-mg-nu3\/","title":{"rendered":"Nike Phantom 6 High Academy FG\/MG NU3"},"content":{"rendered":"","protected":false},"excerpt":{"rendered":"<p><strong>D\u00e9tails sur le produit : IO8447-661<\/strong><\/p>\n<div id=\"product-description\">Repoussez les limites sur le terrain avec la Nike United Phantom 6 Academy. Con\u00e7u pour des joueuses extr\u00eamement pr\u00e9cises, comme Sophia Wilson et Deyna Castellanos, il affine votre pr\u00e9cision gr\u00e2ce \u00e0 une zone tactile NikeSkin, situ\u00e9e l\u00e0 o\u00f9 vous en avez besoin pour des frappes nettes. La texture adh\u00e9rente vous permet de profiter des occasions de marquer en rapprochant votre pied du ballon.<\/div>\n<div class=\"ooc7jOONWRtWwnuxFnzZ\">\n<div id=\"product-details-title\" class=\"bL8FUWapGLIZJINh9Vhl\">D\u00e9tails sur le produit<\/div>\n<ul id=\"product-features-group\">\n<li id=\"product-feature-0\">La collection Nike United c\u00e9l\u00e8bre des athl\u00e8tes d\u2019une pr\u00e9cision incroyable comme Sophia Wilson et Deyna Castellanos. Nous avons associ\u00e9 des tons bordeaux riches \u00e0 des graphismes inspir\u00e9s des imprim\u00e9s animaliers pour repr\u00e9senter leur attaque sur le terrain et d\u00e9passent ce qui est possible.<\/li>\n<li id=\"product-feature-1\">Une zone tactile NikeSkin \u00e9largie, propuls\u00e9e par un mesh con\u00e7u, rapproche votre pied du ballon. Cela signifie que vous obtenez un meilleur contr\u00f4le en dribblant et en passe, m\u00eame par temps humide ou sec.<\/li>\n<li id=\"product-feature-2\">Plac\u00e9 strat\u00e9giquement \u00e0 l\u2019avant-pied, le sch\u00e9ma de traction circulaire Cyclone 360 vous aide \u00e0 planter et pivoter rapidement.<\/li>\n<li id=\"product-feature-3\">Le cadre de chaussure vous donne un ajustement plus naturel, surtout au niveau de la bo\u00eete \u00e0 orteils. Cela aide \u00e0 s\u2019adapter \u00e0 votre pied et vous rapproche de la balle pour de meilleurs coups craquets contre balles. Le col Dynamic Fit enveloppe votre cheville dans un tissu Flyknit doux et extensible pour une sensation de s\u00e9curit\u00e9.<\/li>\n<\/ul>\n<\/div>\n","protected":false},"featured_media":670599,"template":"","meta":{"_et_pb_use_builder":"","_et_pb_old_content":"","_et_gb_content_width":""},"product_brand":[],"product_cat":[17,16],"product_tag":[],"class_list":{"0":"post-669466","1":"product","2":"type-product","3":"status-publish","4":"has-post-thumbnail","6":"product_cat-crampons","7":"product_cat-souliers-soccer","9":"first","10":"instock","11":"featured","12":"taxable","13":"shipping-taxable","14":"purchasable","15":"product-type-variable"},"tiered_pricing_type":"fixed","tiered_pricing_fixed_rules":[],"tiered_pricing_product_settings":{"layout":"default","base_unit_name":{"singular":null,"plural":null},"default_variation":null},"tiered_pricing_minimum_quantity":null,"tiered_pricing_roles_data":[],"tiered_pricing_percentage_rules":[],"_links":{"self":[{"href":"https:\/\/influencesport.ca\/en\/wp-json\/wp\/v2\/product\/669466","targetHints":{"allow":["GET"]}}],"collection":[{"href":"https:\/\/influencesport.ca\/en\/wp-json\/wp\/v2\/product"}],"about":[{"href":"https:\/\/influencesport.ca\/en\/wp-json\/wp\/v2\/types\/product"}],"wp:featuredmedia":[{"embeddable":true,"href":"https:\/\/influencesport.ca\/en\/wp-json\/wp\/v2\/media\/670599"}],"wp:attachment":[{"href":"https:\/\/influencesport.ca\/en\/wp-json\/wp\/v2\/media?parent=669466"}],"wp:term":[{"taxonomy":"product_brand","embeddable":true,"href":"https:\/\/influencesport.ca\/en\/wp-json\/wp\/v2\/product_brand?post=669466"},{"taxonomy":"product_cat","embeddable":true,"href":"https:\/\/influencesport.ca\/en\/wp-json\/wp\/v2\/product_cat?post=669466"},{"taxonomy":"product_tag","embeddable":true,"href":"https:\/\/influencesport.ca\/en\/wp-json\/wp\/v2\/product_tag?post=669466"}],"curies":[{"name":"wp","href":"https:\/\/api.w.org\/{rel}","templated":true}]}}