{"id":660129,"date":"2026-03-31T00:38:49","date_gmt":"2026-03-31T04:38:49","guid":{"rendered":"https:\/\/influencesport.ca\/?post_type=product&#038;p=660129"},"modified":"2026-04-06T16:11:35","modified_gmt":"2026-04-06T20:11:35","slug":"adidas-f50-club-fg-mg-5","status":"publish","type":"product","link":"https:\/\/influencesport.ca\/en\/produit\/adidas-f50-club-fg-mg-5\/","title":{"rendered":"Adidas F50 Club FG\/MG"},"content":{"rendered":"","protected":false},"excerpt":{"rendered":"<p><strong>D\u00e9tails sur le produit : JS1472<\/strong><\/p>\n<p>Lib\u00e9rez votre vitesse avec les chaussures de football F50 Club pour terrains fermes et multi-surfaces. Leur tige en Fiberskin offre maintien et amorti. La languette l\u00e9g\u00e8re et flottante en mati\u00e8re synth\u00e9tique, perfor\u00e9e pour une respirabilit\u00e9 optimale, assure une excellente adh\u00e9rence. La semelle ext\u00e9rieure standard est id\u00e9ale pour les terrains en gazon naturel et les surfaces vari\u00e9es.<\/p>\n","protected":false},"featured_media":670715,"template":"","meta":{"_et_pb_use_builder":"","_et_pb_old_content":"","_et_gb_content_width":""},"product_brand":[],"product_cat":[17,16],"product_tag":[],"class_list":{"0":"post-660129","1":"product","2":"type-product","3":"status-publish","4":"has-post-thumbnail","6":"product_cat-crampons","7":"product_cat-souliers-soccer","9":"first","10":"instock","11":"featured","12":"taxable","13":"shipping-taxable","14":"purchasable","15":"product-type-variable"},"tiered_pricing_type":"fixed","tiered_pricing_fixed_rules":[],"tiered_pricing_product_settings":{"layout":"default","base_unit_name":{"singular":null,"plural":null},"default_variation":null},"tiered_pricing_minimum_quantity":null,"tiered_pricing_roles_data":[],"tiered_pricing_percentage_rules":[],"_links":{"self":[{"href":"https:\/\/influencesport.ca\/en\/wp-json\/wp\/v2\/product\/660129","targetHints":{"allow":["GET"]}}],"collection":[{"href":"https:\/\/influencesport.ca\/en\/wp-json\/wp\/v2\/product"}],"about":[{"href":"https:\/\/influencesport.ca\/en\/wp-json\/wp\/v2\/types\/product"}],"wp:featuredmedia":[{"embeddable":true,"href":"https:\/\/influencesport.ca\/en\/wp-json\/wp\/v2\/media\/670715"}],"wp:attachment":[{"href":"https:\/\/influencesport.ca\/en\/wp-json\/wp\/v2\/media?parent=660129"}],"wp:term":[{"taxonomy":"product_brand","embeddable":true,"href":"https:\/\/influencesport.ca\/en\/wp-json\/wp\/v2\/product_brand?post=660129"},{"taxonomy":"product_cat","embeddable":true,"href":"https:\/\/influencesport.ca\/en\/wp-json\/wp\/v2\/product_cat?post=660129"},{"taxonomy":"product_tag","embeddable":true,"href":"https:\/\/influencesport.ca\/en\/wp-json\/wp\/v2\/product_tag?post=660129"}],"curies":[{"name":"wp","href":"https:\/\/api.w.org\/{rel}","templated":true}]}}