{"id":660013,"date":"2026-03-28T01:03:59","date_gmt":"2026-03-28T05:03:59","guid":{"rendered":"https:\/\/influencesport.ca\/?post_type=product&#038;p=660013"},"modified":"2026-04-06T16:11:34","modified_gmt":"2026-04-06T20:11:34","slug":"adidas-predator-league-ft-fg-3","status":"publish","type":"product","link":"https:\/\/influencesport.ca\/en\/produit\/adidas-predator-league-ft-fg-3\/","title":{"rendered":"Adidas Predator League FT FG"},"content":{"rendered":"","protected":false},"excerpt":{"rendered":"<p><strong>D\u00e9tails sur le produit : JS0423<\/strong><\/p>\n<p>Lib\u00e8re ton potentiel sur le terrain avec la chaussure de football Predator League \u00e0 languette rabattable pour terrain souple. Con\u00e7ue pour ceux qui osent s&#8217;imposer, cette chaussure te permet de prendre le contr\u00f4le devant le but. La tige en mesh Nanostrike est con\u00e7ue pour plus de souplesse et de l\u00e9g\u00e8ret\u00e9, avec un empi\u00e8cement haptique int\u00e9gr\u00e9 pour des frappes plus pr\u00e9cises. Con\u00e7ue pour terrain souple, la plaque Strikeframe l\u00e9g\u00e8re sur toute la longueur offre une traction optimale pour trouver le fond du filet. La languette rabattable cr\u00e9e une surface de frappe lisse, tandis que la technologie Powerspine offre une stabilit\u00e9 optimale au m\u00e9dio-pied pour des frappes plus puissantes. adidas te propose une chaussure de football qui allie h\u00e9ritage et technologie de pointe, pour que tu gardes une longueur d&#8217;avance. Enfile-la et ressens la diff\u00e9rence adidas, o\u00f9 la performance rencontre le style.<\/p>\n","protected":false},"featured_media":670700,"template":"","meta":{"_et_pb_use_builder":"","_et_pb_old_content":"","_et_gb_content_width":""},"product_brand":[],"product_cat":[17,16],"product_tag":[],"class_list":{"0":"post-660013","1":"product","2":"type-product","3":"status-publish","4":"has-post-thumbnail","6":"product_cat-crampons","7":"product_cat-souliers-soccer","9":"first","10":"instock","11":"featured","12":"taxable","13":"shipping-taxable","14":"purchasable","15":"product-type-variable"},"tiered_pricing_type":"fixed","tiered_pricing_fixed_rules":[],"tiered_pricing_product_settings":{"layout":"default","base_unit_name":{"singular":null,"plural":null},"default_variation":null},"tiered_pricing_minimum_quantity":null,"tiered_pricing_roles_data":[],"tiered_pricing_percentage_rules":[],"_links":{"self":[{"href":"https:\/\/influencesport.ca\/en\/wp-json\/wp\/v2\/product\/660013","targetHints":{"allow":["GET"]}}],"collection":[{"href":"https:\/\/influencesport.ca\/en\/wp-json\/wp\/v2\/product"}],"about":[{"href":"https:\/\/influencesport.ca\/en\/wp-json\/wp\/v2\/types\/product"}],"wp:featuredmedia":[{"embeddable":true,"href":"https:\/\/influencesport.ca\/en\/wp-json\/wp\/v2\/media\/670700"}],"wp:attachment":[{"href":"https:\/\/influencesport.ca\/en\/wp-json\/wp\/v2\/media?parent=660013"}],"wp:term":[{"taxonomy":"product_brand","embeddable":true,"href":"https:\/\/influencesport.ca\/en\/wp-json\/wp\/v2\/product_brand?post=660013"},{"taxonomy":"product_cat","embeddable":true,"href":"https:\/\/influencesport.ca\/en\/wp-json\/wp\/v2\/product_cat?post=660013"},{"taxonomy":"product_tag","embeddable":true,"href":"https:\/\/influencesport.ca\/en\/wp-json\/wp\/v2\/product_tag?post=660013"}],"curies":[{"name":"wp","href":"https:\/\/api.w.org\/{rel}","templated":true}]}}