{"id":660003,"date":"2026-03-28T01:03:33","date_gmt":"2026-03-28T05:03:33","guid":{"rendered":"https:\/\/influencesport.ca\/?post_type=product&#038;p=660003"},"modified":"2026-04-06T16:11:31","modified_gmt":"2026-04-06T20:11:31","slug":"adidas-predator-club-ft-el-fg-mg","status":"publish","type":"product","link":"https:\/\/influencesport.ca\/en\/produit\/adidas-predator-club-ft-el-fg-mg\/","title":{"rendered":"Adidas Predator Club FT EL FG-MG"},"content":{"rendered":"","protected":false},"excerpt":{"rendered":"<p><strong>D\u00e9tails sur le produit : JS0353<\/strong><\/p>\n<p>Les enfants verront leur confiance en eux s\u2019envoler avec la chaussure de football \u00e0 languette rabattue et lacets \u00e9lastiques Predator Club Terrain souple\/Multi-surfaces. Elle apporte une pr\u00e9cision de frappe et un confort durable sur tous les types de terrain. Cette chaussure est dot\u00e9e d\u2019une languette rabattue qui cr\u00e9e une surface de frappe lisse, permettant de mieux diriger et contr\u00f4ler les tirs et les passes. La tige synth\u00e9tique souple ajoute du confort pendant les longues s\u00e9ances de training. Construit avec la technologie Nanostrike, le mesh innovant offre de la souplesse et un toucher l\u00e9ger. Un empi\u00e8cement haptique int\u00e9gr\u00e9 contribue \u00e9galement \u00e0 am\u00e9liorer la pr\u00e9cision des frappes pour que tu prennes le contr\u00f4le face au but. La technologie PowerSpine renforce la stabilit\u00e9 du m\u00e9dio-pied pour des tirs plus puissants. Elle canalise efficacement l\u2019\u00e9nergie \u00e0 chaque frappe, favorisant l\u2019\u00e9quilibre et la puissance sans compromettre le confort. En associant un design classique \u00e0 une technologie moderne, adidas inspire la prochaine g\u00e9n\u00e9ration. Cette chaussure aidera les jeunes joueurs \u00e0 affiner leurs comp\u00e9tences et \u00e0 profiter de chaque instant sur le terrain.<\/p>\n","protected":false},"featured_media":670687,"template":"","meta":{"_et_pb_use_builder":"","_et_pb_old_content":"","_et_gb_content_width":""},"product_brand":[],"product_cat":[17,16],"product_tag":[],"class_list":{"0":"post-660003","1":"product","2":"type-product","3":"status-publish","4":"has-post-thumbnail","6":"product_cat-crampons","7":"product_cat-souliers-soccer","9":"first","10":"instock","11":"featured","12":"taxable","13":"shipping-taxable","14":"purchasable","15":"product-type-variable"},"tiered_pricing_type":"fixed","tiered_pricing_fixed_rules":[],"tiered_pricing_product_settings":{"layout":"default","base_unit_name":{"singular":null,"plural":null},"default_variation":null},"tiered_pricing_minimum_quantity":null,"tiered_pricing_roles_data":[],"tiered_pricing_percentage_rules":[],"_links":{"self":[{"href":"https:\/\/influencesport.ca\/en\/wp-json\/wp\/v2\/product\/660003","targetHints":{"allow":["GET"]}}],"collection":[{"href":"https:\/\/influencesport.ca\/en\/wp-json\/wp\/v2\/product"}],"about":[{"href":"https:\/\/influencesport.ca\/en\/wp-json\/wp\/v2\/types\/product"}],"wp:featuredmedia":[{"embeddable":true,"href":"https:\/\/influencesport.ca\/en\/wp-json\/wp\/v2\/media\/670687"}],"wp:attachment":[{"href":"https:\/\/influencesport.ca\/en\/wp-json\/wp\/v2\/media?parent=660003"}],"wp:term":[{"taxonomy":"product_brand","embeddable":true,"href":"https:\/\/influencesport.ca\/en\/wp-json\/wp\/v2\/product_brand?post=660003"},{"taxonomy":"product_cat","embeddable":true,"href":"https:\/\/influencesport.ca\/en\/wp-json\/wp\/v2\/product_cat?post=660003"},{"taxonomy":"product_tag","embeddable":true,"href":"https:\/\/influencesport.ca\/en\/wp-json\/wp\/v2\/product_tag?post=660003"}],"curies":[{"name":"wp","href":"https:\/\/api.w.org\/{rel}","templated":true}]}}