{"id":659992,"date":"2026-03-28T01:03:07","date_gmt":"2026-03-28T05:03:07","guid":{"rendered":"https:\/\/influencesport.ca\/?post_type=product&#038;p=659992"},"modified":"2026-04-06T16:11:30","modified_gmt":"2026-04-06T20:11:30","slug":"adidas-predator-club-ft-fg-mg-3","status":"publish","type":"product","link":"https:\/\/influencesport.ca\/en\/produit\/adidas-predator-club-ft-fg-mg-3\/","title":{"rendered":"Adidas Predator Club FT FG\/MG"},"content":{"rendered":"","protected":false},"excerpt":{"rendered":"<p><strong>D\u00e9tails sur le produit : JS0347<\/strong><\/p>\n<p>Avec son mesh innovant et sa technologie de frappe avanc\u00e9e, la chaussure Predator Club \u00e0 languette rabattable te permet de prendre le contr\u00f4le du jeu sur le terrain et de dominer chaque action. La languette rabattable iconique cr\u00e9e une surface de frappe lisse, pour des tirs et passes pr\u00e9cis et puissants. La tige synth\u00e9tique assure confort et adh\u00e9rence, te permettant de bouger avec assurance. La technologie Powerspine, int\u00e9gr\u00e9e dans une semelle haute performance, garantit des frappes puissantes, tandis que la stabilit\u00e9 au niveau du m\u00e9dio-pied offre une base solide pour chaque contact avec le ballon. Con\u00e7ue pour les surfaces souples et multi-surfaces, cette chaussure Predator Club allie performance et h\u00e9ritage adidas. adidas a d\u00e9velopp\u00e9 cette chaussure pour offrir un maximum de performance sur terrains souples. Enfile ta Predator Club et atteins ton objectif, l\u00e0 o\u00f9 tradition et innovation se rencontrent sur le terrain.<\/p>\n","protected":false},"featured_media":670673,"template":"","meta":{"_et_pb_use_builder":"","_et_pb_old_content":"","_et_gb_content_width":""},"product_brand":[],"product_cat":[17,16],"product_tag":[],"class_list":{"0":"post-659992","1":"product","2":"type-product","3":"status-publish","4":"has-post-thumbnail","6":"product_cat-crampons","7":"product_cat-souliers-soccer","9":"first","10":"instock","11":"featured","12":"taxable","13":"shipping-taxable","14":"purchasable","15":"product-type-variable"},"tiered_pricing_type":"fixed","tiered_pricing_fixed_rules":[],"tiered_pricing_product_settings":{"layout":"default","base_unit_name":{"singular":null,"plural":null},"default_variation":null},"tiered_pricing_minimum_quantity":null,"tiered_pricing_roles_data":[],"tiered_pricing_percentage_rules":[],"_links":{"self":[{"href":"https:\/\/influencesport.ca\/en\/wp-json\/wp\/v2\/product\/659992","targetHints":{"allow":["GET"]}}],"collection":[{"href":"https:\/\/influencesport.ca\/en\/wp-json\/wp\/v2\/product"}],"about":[{"href":"https:\/\/influencesport.ca\/en\/wp-json\/wp\/v2\/types\/product"}],"wp:featuredmedia":[{"embeddable":true,"href":"https:\/\/influencesport.ca\/en\/wp-json\/wp\/v2\/media\/670673"}],"wp:attachment":[{"href":"https:\/\/influencesport.ca\/en\/wp-json\/wp\/v2\/media?parent=659992"}],"wp:term":[{"taxonomy":"product_brand","embeddable":true,"href":"https:\/\/influencesport.ca\/en\/wp-json\/wp\/v2\/product_brand?post=659992"},{"taxonomy":"product_cat","embeddable":true,"href":"https:\/\/influencesport.ca\/en\/wp-json\/wp\/v2\/product_cat?post=659992"},{"taxonomy":"product_tag","embeddable":true,"href":"https:\/\/influencesport.ca\/en\/wp-json\/wp\/v2\/product_tag?post=659992"}],"curies":[{"name":"wp","href":"https:\/\/api.w.org\/{rel}","templated":true}]}}