{"id":659982,"date":"2026-03-28T01:02:42","date_gmt":"2026-03-28T05:02:42","guid":{"rendered":"https:\/\/influencesport.ca\/?post_type=product&#038;p=659982"},"modified":"2026-04-11T11:24:20","modified_gmt":"2026-04-11T15:24:20","slug":"adidas-f50-league-fg-mg-j-7","status":"publish","type":"product","link":"https:\/\/influencesport.ca\/en\/produit\/adidas-f50-league-fg-mg-j-7\/","title":{"rendered":"Adidas F50 League FG\/MG J"},"content":{"rendered":"","protected":false},"excerpt":{"rendered":"<p><strong>D\u00e9tails sur le produit : JR9013<\/strong><\/p>\n<p>Pr\u00eate \u00e0 dominer le terrain, la chaussure de football F50 LEAGUE Terrain souple \/ Multi-surfaces allie vitesse et pr\u00e9cision \u00e0 chaque action. Pens\u00e9e pour les jeunes footballeurs, cette chaussure mise sur l\u2019innovation. Sa tige Fiberskin, avec mesh technique et lignes 3D strat\u00e9giquement plac\u00e9es, am\u00e9liore le contr\u00f4le du ballon, tandis que la languette flottante perfor\u00e9e offre confort et respirabilit\u00e9. La semelle Sprintplate 360, dot\u00e9e de crampons \u00e0 lame et crampons semi-coniques., soutient vitesse et agilit\u00e9 sur le terrain. Avec cette chaussure, adidas met innovation, confort et style au service du jeu. Que ce soit pour un match scolaire ou le week-end, cette chaussure est pr\u00eate pour tous les d\u00e9fis.<\/p>\n","protected":false},"featured_media":670661,"template":"","meta":{"_et_pb_use_builder":"","_et_pb_old_content":"","_et_gb_content_width":""},"product_brand":[],"product_cat":[17,16],"product_tag":[],"class_list":{"0":"post-659982","1":"product","2":"type-product","3":"status-publish","4":"has-post-thumbnail","6":"product_cat-crampons","7":"product_cat-souliers-soccer","9":"first","10":"instock","11":"featured","12":"taxable","13":"shipping-taxable","14":"purchasable","15":"product-type-variable"},"tiered_pricing_type":"fixed","tiered_pricing_fixed_rules":[],"tiered_pricing_product_settings":{"layout":"default","base_unit_name":{"singular":null,"plural":null},"default_variation":null},"tiered_pricing_minimum_quantity":null,"tiered_pricing_roles_data":[],"tiered_pricing_percentage_rules":[],"_links":{"self":[{"href":"https:\/\/influencesport.ca\/en\/wp-json\/wp\/v2\/product\/659982","targetHints":{"allow":["GET"]}}],"collection":[{"href":"https:\/\/influencesport.ca\/en\/wp-json\/wp\/v2\/product"}],"about":[{"href":"https:\/\/influencesport.ca\/en\/wp-json\/wp\/v2\/types\/product"}],"wp:featuredmedia":[{"embeddable":true,"href":"https:\/\/influencesport.ca\/en\/wp-json\/wp\/v2\/media\/670661"}],"wp:attachment":[{"href":"https:\/\/influencesport.ca\/en\/wp-json\/wp\/v2\/media?parent=659982"}],"wp:term":[{"taxonomy":"product_brand","embeddable":true,"href":"https:\/\/influencesport.ca\/en\/wp-json\/wp\/v2\/product_brand?post=659982"},{"taxonomy":"product_cat","embeddable":true,"href":"https:\/\/influencesport.ca\/en\/wp-json\/wp\/v2\/product_cat?post=659982"},{"taxonomy":"product_tag","embeddable":true,"href":"https:\/\/influencesport.ca\/en\/wp-json\/wp\/v2\/product_tag?post=659982"}],"curies":[{"name":"wp","href":"https:\/\/api.w.org\/{rel}","templated":true}]}}