{"id":659972,"date":"2026-03-28T01:02:18","date_gmt":"2026-03-28T05:02:18","guid":{"rendered":"https:\/\/influencesport.ca\/?post_type=product&#038;p=659972"},"modified":"2026-04-12T10:56:46","modified_gmt":"2026-04-12T14:56:46","slug":"adidas-f50-league-ll-fg-mg-j-3","status":"publish","type":"product","link":"https:\/\/influencesport.ca\/en\/produit\/adidas-f50-league-ll-fg-mg-j-3\/","title":{"rendered":"Adidas F50 League LL FG\/MG J"},"content":{"rendered":"","protected":false},"excerpt":{"rendered":"<p><strong>D\u00e9tails sur le produit : JR9008<\/strong><\/p>\n<p>D\u00e9ployez votre vitesse avec les chaussures de football F50 League sans lacets pour enfants, con\u00e7ues pour terrains fermes et multi-surfaces. Leur tige en Fiberskin offre maintien et amorti. Le col en maille premium sans lacets assure un confort et un maintien optimaux. Profitez d&#8217;une vitesse maximale dans toutes les directions gr\u00e2ce \u00e0 la semelle ext\u00e9rieure Sprintplate 360, de conception anatomique, id\u00e9ale pour le gazon naturel et les terrains multi-surfaces.<\/p>\n","protected":false},"featured_media":670648,"template":"","meta":{"_et_pb_use_builder":"","_et_pb_old_content":"","_et_gb_content_width":""},"product_brand":[],"product_cat":[17,16],"product_tag":[],"class_list":{"0":"post-659972","1":"product","2":"type-product","3":"status-publish","4":"has-post-thumbnail","6":"product_cat-crampons","7":"product_cat-souliers-soccer","9":"first","10":"instock","11":"featured","12":"taxable","13":"shipping-taxable","14":"purchasable","15":"product-type-variable"},"tiered_pricing_type":"fixed","tiered_pricing_fixed_rules":[],"tiered_pricing_product_settings":{"layout":"default","base_unit_name":{"singular":null,"plural":null},"default_variation":null},"tiered_pricing_minimum_quantity":null,"tiered_pricing_roles_data":[],"tiered_pricing_percentage_rules":[],"_links":{"self":[{"href":"https:\/\/influencesport.ca\/en\/wp-json\/wp\/v2\/product\/659972","targetHints":{"allow":["GET"]}}],"collection":[{"href":"https:\/\/influencesport.ca\/en\/wp-json\/wp\/v2\/product"}],"about":[{"href":"https:\/\/influencesport.ca\/en\/wp-json\/wp\/v2\/types\/product"}],"wp:featuredmedia":[{"embeddable":true,"href":"https:\/\/influencesport.ca\/en\/wp-json\/wp\/v2\/media\/670648"}],"wp:attachment":[{"href":"https:\/\/influencesport.ca\/en\/wp-json\/wp\/v2\/media?parent=659972"}],"wp:term":[{"taxonomy":"product_brand","embeddable":true,"href":"https:\/\/influencesport.ca\/en\/wp-json\/wp\/v2\/product_brand?post=659972"},{"taxonomy":"product_cat","embeddable":true,"href":"https:\/\/influencesport.ca\/en\/wp-json\/wp\/v2\/product_cat?post=659972"},{"taxonomy":"product_tag","embeddable":true,"href":"https:\/\/influencesport.ca\/en\/wp-json\/wp\/v2\/product_tag?post=659972"}],"curies":[{"name":"wp","href":"https:\/\/api.w.org\/{rel}","templated":true}]}}