{"id":659942,"date":"2026-03-28T01:01:03","date_gmt":"2026-03-28T05:01:03","guid":{"rendered":"https:\/\/influencesport.ca\/?post_type=product&#038;p=659942"},"modified":"2026-04-06T16:11:27","modified_gmt":"2026-04-06T20:11:27","slug":"adidas-f50-league-ll-fg-mg-2","status":"publish","type":"product","link":"https:\/\/influencesport.ca\/en\/produit\/adidas-f50-league-ll-fg-mg-2\/","title":{"rendered":"Adidas F50 League LL FG\/MG"},"content":{"rendered":"","protected":false},"excerpt":{"rendered":"<p><strong>D\u00e9tails sur le produit : JR8985<\/strong><\/p>\n<p>Con\u00e7ue pour lib\u00e9rer vitesse et agilit\u00e9 capables de changer le cours du match, la chaussure de football F50 LEAGUE sans lacets pour terrain souple\/multi-surfaces allie pr\u00e9cision et innovation. Le col en maille sans lacets s\u2019adapte \u00e0 la forme du pied pour un maintien s\u00fbr et un confort optimal. Pour un maximum de vitesse et d\u2019agilit\u00e9, la semelle Sprintplate 360 associe crampons \u00e0 lame et crampons semi-coniques, garantissant traction et fluidit\u00e9 de mouvement sur gazon naturel ou synth\u00e9tique. La tige Fiberskin, avec ses lignes 3D strat\u00e9giquement plac\u00e9es, am\u00e9liore le toucher de balle, tandis que le design Sprintgrid et le graphisme renouvel\u00e9 de la tige apportent une touche de sophistication. Gr\u00e2ce \u00e0 ses technologies avanc\u00e9es, adidas accompagne chacun de tes pas, faisant de cette chaussure le choix des joueurs cr\u00e9ateurs qui excellent sur le terrain comme en match amical.<\/p>\n","protected":false},"featured_media":670633,"template":"","meta":{"_et_pb_use_builder":"","_et_pb_old_content":"","_et_gb_content_width":""},"product_brand":[],"product_cat":[17,16],"product_tag":[],"class_list":{"0":"post-659942","1":"product","2":"type-product","3":"status-publish","4":"has-post-thumbnail","6":"product_cat-crampons","7":"product_cat-souliers-soccer","9":"first","10":"instock","11":"featured","12":"taxable","13":"shipping-taxable","14":"purchasable","15":"product-type-variable"},"tiered_pricing_type":"fixed","tiered_pricing_fixed_rules":[],"tiered_pricing_product_settings":{"layout":"default","base_unit_name":{"singular":null,"plural":null},"default_variation":null},"tiered_pricing_minimum_quantity":null,"tiered_pricing_roles_data":[],"tiered_pricing_percentage_rules":[],"_links":{"self":[{"href":"https:\/\/influencesport.ca\/en\/wp-json\/wp\/v2\/product\/659942","targetHints":{"allow":["GET"]}}],"collection":[{"href":"https:\/\/influencesport.ca\/en\/wp-json\/wp\/v2\/product"}],"about":[{"href":"https:\/\/influencesport.ca\/en\/wp-json\/wp\/v2\/types\/product"}],"wp:featuredmedia":[{"embeddable":true,"href":"https:\/\/influencesport.ca\/en\/wp-json\/wp\/v2\/media\/670633"}],"wp:attachment":[{"href":"https:\/\/influencesport.ca\/en\/wp-json\/wp\/v2\/media?parent=659942"}],"wp:term":[{"taxonomy":"product_brand","embeddable":true,"href":"https:\/\/influencesport.ca\/en\/wp-json\/wp\/v2\/product_brand?post=659942"},{"taxonomy":"product_cat","embeddable":true,"href":"https:\/\/influencesport.ca\/en\/wp-json\/wp\/v2\/product_cat?post=659942"},{"taxonomy":"product_tag","embeddable":true,"href":"https:\/\/influencesport.ca\/en\/wp-json\/wp\/v2\/product_tag?post=659942"}],"curies":[{"name":"wp","href":"https:\/\/api.w.org\/{rel}","templated":true}]}}