{"id":659932,"date":"2026-03-28T01:00:39","date_gmt":"2026-03-28T05:00:39","guid":{"rendered":"https:\/\/influencesport.ca\/?post_type=product&#038;p=659932"},"modified":"2026-04-06T16:11:26","modified_gmt":"2026-04-06T20:11:26","slug":"adidas-predator-league-ft-fg-j","status":"publish","type":"product","link":"https:\/\/influencesport.ca\/en\/produit\/adidas-predator-league-ft-fg-j\/","title":{"rendered":"Adidas Predator League FT FG J"},"content":{"rendered":"","protected":false},"excerpt":{"rendered":"<p><strong>D\u00e9tails sur le produit : JR7924<\/strong><\/p>\n<p>Les chaussures de football Predator League \u00e0 languette repliable pour enfants sont con\u00e7ues pour aider les jeunes joueurs \u00e0 atteindre leurs objectifs. Dot\u00e9es d&#8217;un mesh innovant et de la technologie de frappe Nanostrike, elles offrent une pr\u00e9cision de frappe accrue. La semelle l\u00e9g\u00e8re sur toute la longueur assure une adh\u00e9rence optimale sur terrain ferme, tandis que la languette repliable embl\u00e9matique cr\u00e9e une surface de frappe lisse. Enfilez vos chaussures et prenez le contr\u00f4le du jeu avec les Predator League.<\/p>\n","protected":false},"featured_media":670620,"template":"","meta":{"_et_pb_use_builder":"","_et_pb_old_content":"","_et_gb_content_width":""},"product_brand":[],"product_cat":[17,16],"product_tag":[],"class_list":{"0":"post-659932","1":"product","2":"type-product","3":"status-publish","4":"has-post-thumbnail","6":"product_cat-crampons","7":"product_cat-souliers-soccer","9":"first","10":"instock","11":"featured","12":"taxable","13":"shipping-taxable","14":"purchasable","15":"product-type-variable"},"tiered_pricing_type":"fixed","tiered_pricing_fixed_rules":[],"tiered_pricing_product_settings":{"layout":"default","base_unit_name":{"singular":null,"plural":null},"default_variation":null},"tiered_pricing_minimum_quantity":null,"tiered_pricing_roles_data":[],"tiered_pricing_percentage_rules":[],"_links":{"self":[{"href":"https:\/\/influencesport.ca\/en\/wp-json\/wp\/v2\/product\/659932","targetHints":{"allow":["GET"]}}],"collection":[{"href":"https:\/\/influencesport.ca\/en\/wp-json\/wp\/v2\/product"}],"about":[{"href":"https:\/\/influencesport.ca\/en\/wp-json\/wp\/v2\/types\/product"}],"wp:featuredmedia":[{"embeddable":true,"href":"https:\/\/influencesport.ca\/en\/wp-json\/wp\/v2\/media\/670620"}],"wp:attachment":[{"href":"https:\/\/influencesport.ca\/en\/wp-json\/wp\/v2\/media?parent=659932"}],"wp:term":[{"taxonomy":"product_brand","embeddable":true,"href":"https:\/\/influencesport.ca\/en\/wp-json\/wp\/v2\/product_brand?post=659932"},{"taxonomy":"product_cat","embeddable":true,"href":"https:\/\/influencesport.ca\/en\/wp-json\/wp\/v2\/product_cat?post=659932"},{"taxonomy":"product_tag","embeddable":true,"href":"https:\/\/influencesport.ca\/en\/wp-json\/wp\/v2\/product_tag?post=659932"}],"curies":[{"name":"wp","href":"https:\/\/api.w.org\/{rel}","templated":true}]}}