{"id":651462,"date":"2026-03-26T01:04:28","date_gmt":"2026-03-26T05:04:28","guid":{"rendered":"https:\/\/influencesport.ca\/?post_type=product&#038;p=651462"},"modified":"2026-04-12T10:13:54","modified_gmt":"2026-04-12T14:13:54","slug":"adidas-f50-club-fg-mg-j-7","status":"publish","type":"product","link":"https:\/\/influencesport.ca\/en\/produit\/adidas-f50-club-fg-mg-j-7\/","title":{"rendered":"Adidas F50 Club FG\/MG J"},"content":{"rendered":"","protected":false},"excerpt":{"rendered":"<p><strong>D\u00e9tails sur le produit : JS1479<\/strong><\/p>\n<p>D\u00e9veloppez votre vitesse avec les chaussures de football F50 Club pour enfants, con\u00e7ues pour terrains fermes et multi-surfaces. Leur tige synth\u00e9tique l\u00e9g\u00e8re offre maintien et amorti. La languette flottante synth\u00e9tique perfor\u00e9e assure une respirabilit\u00e9 optimale et une l\u00e9g\u00e8ret\u00e9 accrue. Profitez d&#8217;une adh\u00e9rence optimale gr\u00e2ce \u00e0 la semelle ext\u00e9rieure standard, id\u00e9ale pour le gazon naturel et les surfaces vari\u00e9es.<\/p>\n","protected":false},"featured_media":670607,"template":"","meta":{"_et_pb_use_builder":"","_et_pb_old_content":"","_et_gb_content_width":""},"product_brand":[],"product_cat":[17,16],"product_tag":[],"class_list":{"0":"post-651462","1":"product","2":"type-product","3":"status-publish","4":"has-post-thumbnail","6":"product_cat-crampons","7":"product_cat-souliers-soccer","9":"first","10":"instock","11":"featured","12":"taxable","13":"shipping-taxable","14":"purchasable","15":"product-type-variable"},"tiered_pricing_type":"fixed","tiered_pricing_fixed_rules":[],"tiered_pricing_product_settings":{"layout":"default","base_unit_name":{"singular":null,"plural":null},"default_variation":null},"tiered_pricing_minimum_quantity":null,"tiered_pricing_roles_data":[],"tiered_pricing_percentage_rules":[],"_links":{"self":[{"href":"https:\/\/influencesport.ca\/en\/wp-json\/wp\/v2\/product\/651462","targetHints":{"allow":["GET"]}}],"collection":[{"href":"https:\/\/influencesport.ca\/en\/wp-json\/wp\/v2\/product"}],"about":[{"href":"https:\/\/influencesport.ca\/en\/wp-json\/wp\/v2\/types\/product"}],"wp:featuredmedia":[{"embeddable":true,"href":"https:\/\/influencesport.ca\/en\/wp-json\/wp\/v2\/media\/670607"}],"wp:attachment":[{"href":"https:\/\/influencesport.ca\/en\/wp-json\/wp\/v2\/media?parent=651462"}],"wp:term":[{"taxonomy":"product_brand","embeddable":true,"href":"https:\/\/influencesport.ca\/en\/wp-json\/wp\/v2\/product_brand?post=651462"},{"taxonomy":"product_cat","embeddable":true,"href":"https:\/\/influencesport.ca\/en\/wp-json\/wp\/v2\/product_cat?post=651462"},{"taxonomy":"product_tag","embeddable":true,"href":"https:\/\/influencesport.ca\/en\/wp-json\/wp\/v2\/product_tag?post=651462"}],"curies":[{"name":"wp","href":"https:\/\/api.w.org\/{rel}","templated":true}]}}