{"id":651460,"date":"2026-03-26T01:04:24","date_gmt":"2026-03-26T05:04:24","guid":{"rendered":"https:\/\/influencesport.ca\/?post_type=product&#038;p=651460"},"modified":"2026-04-06T15:37:47","modified_gmt":"2026-04-06T19:37:47","slug":"adidas-predator-pro-ft-fg-5","status":"publish","type":"product","link":"https:\/\/influencesport.ca\/en\/produit\/adidas-predator-pro-ft-fg-5\/","title":{"rendered":"Adidas Predator Pro FT FG"},"content":{"rendered":"","protected":false},"excerpt":{"rendered":"<p><strong>D\u00e9tails sur le produit : JS0951<\/strong><\/p>\n<p>La chaussure de football \u00e0 languette rabattue Predator Pro pour terrain souple est l\u00e0 pour red\u00e9finir tes performances. Avec un design qui allie innovation et tradition, cette chaussure est destin\u00e9e \u00e0 ceux qui osent dominer le terrain. Fais l&#8217;exp\u00e9rience de la puissance de la technologie Nanostrike qui m\u00eale du mesh innovant avec une grande pr\u00e9cision de frappe. Cette synergie favorise la souplesse et la l\u00e9g\u00e8ret\u00e9, t&#8217;aidant \u00e0 contr\u00f4ler la balle avec pr\u00e9cision. La technologie Powerspine est int\u00e9gr\u00e9e \u00e0 la semelle ultra performante pour un maximum de puissance de frappe. La stabilit\u00e9 du m\u00e9dio-pied t\u2019assure une puissance et une stabilit\u00e9 sup\u00e9rieures pendant les matchs intenses. La semelle ext\u00e9rieure renforce la sensation de stabilit\u00e9 lors de la frappe du ballon, tandis que l\u2019embl\u00e9matique languette rabattue garantit une surface de frappe lisse pour plus de pr\u00e9cision. Offrant confort et pr\u00e9cision, cette chaussure incarne l&#8217;innovation dans le domaine du football. Les fans de football pourront compter dessus. Laisse cette chaussure faire partie int\u00e9grante de ton histoire de football.<\/p>\n","protected":false},"featured_media":670572,"template":"","meta":{"_et_pb_use_builder":"","_et_pb_old_content":"","_et_gb_content_width":""},"product_brand":[],"product_cat":[17,16],"product_tag":[],"class_list":{"0":"post-651460","1":"product","2":"type-product","3":"status-publish","4":"has-post-thumbnail","6":"product_cat-crampons","7":"product_cat-souliers-soccer","9":"first","10":"instock","11":"featured","12":"taxable","13":"shipping-taxable","14":"purchasable","15":"product-type-variable"},"tiered_pricing_type":"fixed","tiered_pricing_fixed_rules":[],"tiered_pricing_product_settings":{"layout":"default","base_unit_name":{"singular":null,"plural":null},"default_variation":null},"tiered_pricing_minimum_quantity":null,"tiered_pricing_roles_data":[],"tiered_pricing_percentage_rules":[],"_links":{"self":[{"href":"https:\/\/influencesport.ca\/en\/wp-json\/wp\/v2\/product\/651460","targetHints":{"allow":["GET"]}}],"collection":[{"href":"https:\/\/influencesport.ca\/en\/wp-json\/wp\/v2\/product"}],"about":[{"href":"https:\/\/influencesport.ca\/en\/wp-json\/wp\/v2\/types\/product"}],"wp:featuredmedia":[{"embeddable":true,"href":"https:\/\/influencesport.ca\/en\/wp-json\/wp\/v2\/media\/670572"}],"wp:attachment":[{"href":"https:\/\/influencesport.ca\/en\/wp-json\/wp\/v2\/media?parent=651460"}],"wp:term":[{"taxonomy":"product_brand","embeddable":true,"href":"https:\/\/influencesport.ca\/en\/wp-json\/wp\/v2\/product_brand?post=651460"},{"taxonomy":"product_cat","embeddable":true,"href":"https:\/\/influencesport.ca\/en\/wp-json\/wp\/v2\/product_cat?post=651460"},{"taxonomy":"product_tag","embeddable":true,"href":"https:\/\/influencesport.ca\/en\/wp-json\/wp\/v2\/product_tag?post=651460"}],"curies":[{"name":"wp","href":"https:\/\/api.w.org\/{rel}","templated":true}]}}