{"id":651440,"date":"2026-03-26T01:03:39","date_gmt":"2026-03-26T05:03:39","guid":{"rendered":"https:\/\/influencesport.ca\/?post_type=product&#038;p=651440"},"modified":"2026-04-06T15:37:45","modified_gmt":"2026-04-06T19:37:45","slug":"adidas-predator-elite-ft-fg-6","status":"publish","type":"product","link":"https:\/\/influencesport.ca\/en\/produit\/adidas-predator-elite-ft-fg-6\/","title":{"rendered":"Adidas Predator Elite FT FG"},"content":{"rendered":"","protected":false},"excerpt":{"rendered":"<p><strong>D\u00e9tails sur le produit : JS0378<\/strong><\/p>\n<p>La chaussure de football Predator Elite \u00e0 languette rabattable pour terrain souple combine du mesh innovant et une technologie Nanostrike avant-gardiste pour t\u2019assurer une ma\u00eetrise du ballon ultime devant le but. L&#8217;embl\u00e9matique technologie predator Powerspine assure la stabilit\u00e9 du m\u00e9dio-pied et permet des tirs plus puissants. La tige Primeknit procure un confort doux et ultra l\u00e9ger, tandis que les \u00e9l\u00e9ments d&#8217;adh\u00e9rence en caoutchouc int\u00e9gr\u00e9s offrent une pr\u00e9cision de frappe optimale, par temps sec ou humide. La plaque Strikeframe sur toute la longueur garantit une excellente traction tout en l\u00e9g\u00e8ret\u00e9 pour marquer des buts, tandis que la languette rabattable iconique cr\u00e9e une surface de frappe lisse. adidas continue de red\u00e9finir la chaussure de football, en te proposant un \u00e9quipement qui t\u2019aide \u00e0 dominer le terrain et \u00e0 atteindre tes objectifs en toute confiance.<\/p>\n","protected":false},"featured_media":670551,"template":"","meta":{"_et_pb_use_builder":"","_et_pb_old_content":"","_et_gb_content_width":""},"product_brand":[],"product_cat":[17,16],"product_tag":[],"class_list":{"0":"post-651440","1":"product","2":"type-product","3":"status-publish","4":"has-post-thumbnail","6":"product_cat-crampons","7":"product_cat-souliers-soccer","9":"first","10":"instock","11":"featured","12":"taxable","13":"shipping-taxable","14":"purchasable","15":"product-type-variable"},"tiered_pricing_type":"fixed","tiered_pricing_fixed_rules":[],"tiered_pricing_product_settings":{"layout":"default","base_unit_name":{"singular":null,"plural":null},"default_variation":null},"tiered_pricing_minimum_quantity":null,"tiered_pricing_roles_data":[],"tiered_pricing_percentage_rules":[],"_links":{"self":[{"href":"https:\/\/influencesport.ca\/en\/wp-json\/wp\/v2\/product\/651440","targetHints":{"allow":["GET"]}}],"collection":[{"href":"https:\/\/influencesport.ca\/en\/wp-json\/wp\/v2\/product"}],"about":[{"href":"https:\/\/influencesport.ca\/en\/wp-json\/wp\/v2\/types\/product"}],"wp:featuredmedia":[{"embeddable":true,"href":"https:\/\/influencesport.ca\/en\/wp-json\/wp\/v2\/media\/670551"}],"wp:attachment":[{"href":"https:\/\/influencesport.ca\/en\/wp-json\/wp\/v2\/media?parent=651440"}],"wp:term":[{"taxonomy":"product_brand","embeddable":true,"href":"https:\/\/influencesport.ca\/en\/wp-json\/wp\/v2\/product_brand?post=651440"},{"taxonomy":"product_cat","embeddable":true,"href":"https:\/\/influencesport.ca\/en\/wp-json\/wp\/v2\/product_cat?post=651440"},{"taxonomy":"product_tag","embeddable":true,"href":"https:\/\/influencesport.ca\/en\/wp-json\/wp\/v2\/product_tag?post=651440"}],"curies":[{"name":"wp","href":"https:\/\/api.w.org\/{rel}","templated":true}]}}