{"id":651438,"date":"2026-03-26T01:03:32","date_gmt":"2026-03-26T05:03:32","guid":{"rendered":"https:\/\/influencesport.ca\/?post_type=product&#038;p=651438"},"modified":"2026-04-06T15:37:44","modified_gmt":"2026-04-06T19:37:44","slug":"adidas-f50-league-fg-mg-12","status":"publish","type":"product","link":"https:\/\/influencesport.ca\/en\/produit\/adidas-f50-league-fg-mg-12\/","title":{"rendered":"Adidas F50 League FG\/MG"},"content":{"rendered":"","protected":false},"excerpt":{"rendered":"<p><strong>D\u00e9tails sur le produit : JR8992<\/strong><\/p>\n<p>Lorsqu&#8217;il s&#8217;agit de football, la vitesse et la pr\u00e9cision sont essentielles. La chaussure de football F50 League Terrain souple\/Multi-surfaces est con\u00e7ue pour lib\u00e9rer ton potentiel sur le terrain. La tige en Fiberskin assure un excellent toucher de balle et cr\u00e9e une silhouette dynamique. Les crampons \u00e0 lames et semi-coniques de la semelle ext\u00e9rieure Sprintplate 360 offrent vitesse et agilit\u00e9 quelle que soit la direction dans laquelle tu pivotes. Cette chaussure de football garantit une adh\u00e9rence optimale sur terrain souple et un bon maintien, m\u00eame \u00e0 grande vitesse. Orn\u00e9e d\u2019un logo adidas int\u00e9gral, elle t\u00e9moigne de ta passion pour le sport.<\/p>\n","protected":false},"featured_media":670535,"template":"","meta":{"_et_pb_use_builder":"","_et_pb_old_content":"","_et_gb_content_width":""},"product_brand":[],"product_cat":[17,16],"product_tag":[],"class_list":{"0":"post-651438","1":"product","2":"type-product","3":"status-publish","4":"has-post-thumbnail","6":"product_cat-crampons","7":"product_cat-souliers-soccer","9":"first","10":"instock","11":"featured","12":"taxable","13":"shipping-taxable","14":"purchasable","15":"product-type-variable"},"tiered_pricing_type":"fixed","tiered_pricing_fixed_rules":[],"tiered_pricing_product_settings":{"layout":"default","base_unit_name":{"singular":null,"plural":null},"default_variation":null},"tiered_pricing_minimum_quantity":null,"tiered_pricing_roles_data":[],"tiered_pricing_percentage_rules":[],"_links":{"self":[{"href":"https:\/\/influencesport.ca\/en\/wp-json\/wp\/v2\/product\/651438","targetHints":{"allow":["GET"]}}],"collection":[{"href":"https:\/\/influencesport.ca\/en\/wp-json\/wp\/v2\/product"}],"about":[{"href":"https:\/\/influencesport.ca\/en\/wp-json\/wp\/v2\/types\/product"}],"wp:featuredmedia":[{"embeddable":true,"href":"https:\/\/influencesport.ca\/en\/wp-json\/wp\/v2\/media\/670535"}],"wp:attachment":[{"href":"https:\/\/influencesport.ca\/en\/wp-json\/wp\/v2\/media?parent=651438"}],"wp:term":[{"taxonomy":"product_brand","embeddable":true,"href":"https:\/\/influencesport.ca\/en\/wp-json\/wp\/v2\/product_brand?post=651438"},{"taxonomy":"product_cat","embeddable":true,"href":"https:\/\/influencesport.ca\/en\/wp-json\/wp\/v2\/product_cat?post=651438"},{"taxonomy":"product_tag","embeddable":true,"href":"https:\/\/influencesport.ca\/en\/wp-json\/wp\/v2\/product_tag?post=651438"}],"curies":[{"name":"wp","href":"https:\/\/api.w.org\/{rel}","templated":true}]}}