{"id":651426,"date":"2026-03-26T01:03:07","date_gmt":"2026-03-26T05:03:07","guid":{"rendered":"https:\/\/influencesport.ca\/?post_type=product&#038;p=651426"},"modified":"2026-04-19T12:00:27","modified_gmt":"2026-04-19T16:00:27","slug":"adidas-f50-pro-fg-8","status":"publish","type":"product","link":"https:\/\/influencesport.ca\/en\/produit\/adidas-f50-pro-fg-8\/","title":{"rendered":"Adidas F50 Pro FG"},"content":{"rendered":"","protected":false},"excerpt":{"rendered":"<p><strong>D\u00e9tails sur le produit : JR8950<\/strong><\/p>\n<p>La chaussure de football F50 Pro pour terrain souple est construite pour la vitesse et le contr\u00f4le sur le gazon naturel. Son chaussant standard et sa fermeture \u00e0 lacets garantissent un maintien parfait, tandis que la tige Fibertouch procure une sensation de confort. La texture Sprintweb et la semelle Sprintshell 360 s\u2019associent pour am\u00e9liorer le contact avec le ballon ainsi que la vitesse et l\u2019acc\u00e9l\u00e9ration multi-directionnelles. \u00c0 l\u2019int\u00e9rieur, le tunnel \u00e0 effet de compression s\u2019adapte pour un maintien ajust\u00e9. 3 bandes imprim\u00e9es des deux c\u00f4t\u00e9s du m\u00e9dio-pied et un logo F50 sur le talon compl\u00e8tent le look. Cette chaussure offre un design \u00e9pur\u00e9 et une pr\u00e9cision technique pour le jeu sur terrain souple.<\/p>\n","protected":false},"featured_media":670523,"template":"","meta":{"_et_pb_use_builder":"","_et_pb_old_content":"","_et_gb_content_width":""},"product_brand":[],"product_cat":[17,16],"product_tag":[],"class_list":{"0":"post-651426","1":"product","2":"type-product","3":"status-publish","4":"has-post-thumbnail","6":"product_cat-crampons","7":"product_cat-souliers-soccer","9":"first","10":"instock","11":"featured","12":"taxable","13":"shipping-taxable","14":"purchasable","15":"product-type-variable"},"tiered_pricing_type":"fixed","tiered_pricing_fixed_rules":[],"tiered_pricing_product_settings":{"layout":"default","base_unit_name":{"singular":null,"plural":null},"default_variation":null},"tiered_pricing_minimum_quantity":null,"tiered_pricing_roles_data":[],"tiered_pricing_percentage_rules":[],"_links":{"self":[{"href":"https:\/\/influencesport.ca\/en\/wp-json\/wp\/v2\/product\/651426","targetHints":{"allow":["GET"]}}],"collection":[{"href":"https:\/\/influencesport.ca\/en\/wp-json\/wp\/v2\/product"}],"about":[{"href":"https:\/\/influencesport.ca\/en\/wp-json\/wp\/v2\/types\/product"}],"wp:featuredmedia":[{"embeddable":true,"href":"https:\/\/influencesport.ca\/en\/wp-json\/wp\/v2\/media\/670523"}],"wp:attachment":[{"href":"https:\/\/influencesport.ca\/en\/wp-json\/wp\/v2\/media?parent=651426"}],"wp:term":[{"taxonomy":"product_brand","embeddable":true,"href":"https:\/\/influencesport.ca\/en\/wp-json\/wp\/v2\/product_brand?post=651426"},{"taxonomy":"product_cat","embeddable":true,"href":"https:\/\/influencesport.ca\/en\/wp-json\/wp\/v2\/product_cat?post=651426"},{"taxonomy":"product_tag","embeddable":true,"href":"https:\/\/influencesport.ca\/en\/wp-json\/wp\/v2\/product_tag?post=651426"}],"curies":[{"name":"wp","href":"https:\/\/api.w.org\/{rel}","templated":true}]}}