{"id":651421,"date":"2026-03-26T01:02:55","date_gmt":"2026-03-26T05:02:55","guid":{"rendered":"https:\/\/influencesport.ca\/?post_type=product&#038;p=651421"},"modified":"2026-04-06T15:37:42","modified_gmt":"2026-04-06T19:37:42","slug":"adidas-f50-elite-ll-fg-8","status":"publish","type":"product","link":"https:\/\/influencesport.ca\/en\/produit\/adidas-f50-elite-ll-fg-8\/","title":{"rendered":"Adidas F50 Elite LL FG"},"content":{"rendered":"","protected":false},"excerpt":{"rendered":"<p><strong>D\u00e9tails sur le produit : JR6461<\/strong><\/p>\n<p>Si tu recherches de la vitesse, la chaussure de football sans lacets F50 Elite pour terrain souple est ce qu\u2019il te faut. Con\u00e7ue pour oser repousser ses limites, elle offre des performances r\u00e9volutionnaires. Le col Primeknit sans lacets procure un ajustement polyvalent et dynamique qui se moule \u00e0 la forme de ton pied, tandis que la tige Fibertouch apporte maintien et amorti l\u00e0 o\u00f9 tu en as le plus besoin, pour te d\u00e9placer avec agilit\u00e9. La texture en 3D haute d\u00e9finition Sprintweb te garantit un contact efficace avec le ballon, notamment lors des dribbles \u00e0 grande vitesse, ce qui te donne un avantage sur tes adversaires. La semelle ext\u00e9rieure Sprintframe 360 avec son noyau de structure anatomique et le renfort externe au talon permettent une acc\u00e9l\u00e9ration et une vitesse optimales. D\u00e9velopp\u00e9e pour \u00eatre utilis\u00e9e sur terrain souple, elle t\u2019assure une accroche fiable lorsque tu te d\u00e9places. Plus rigide au niveau du m\u00e9dio-pied, elle mixe des crampons \u00e0 lame et semi-coniques pour l&#8217;acc\u00e9l\u00e9ration et la vitesse. Entre sur le terrain en toute confiance et lib\u00e8re ton potentiel avec cette chaussure de football adidas orn\u00e9e de logos embl\u00e9matiques.<\/p>\n","protected":false},"featured_media":670511,"template":"","meta":{"_et_pb_use_builder":"","_et_pb_old_content":"","_et_gb_content_width":""},"product_brand":[],"product_cat":[17,16],"product_tag":[],"class_list":{"0":"post-651421","1":"product","2":"type-product","3":"status-publish","4":"has-post-thumbnail","6":"product_cat-crampons","7":"product_cat-souliers-soccer","9":"first","10":"instock","11":"featured","12":"taxable","13":"shipping-taxable","14":"purchasable","15":"product-type-variable"},"tiered_pricing_type":"fixed","tiered_pricing_fixed_rules":[],"tiered_pricing_product_settings":{"layout":"default","base_unit_name":{"singular":null,"plural":null},"default_variation":null},"tiered_pricing_minimum_quantity":null,"tiered_pricing_roles_data":[],"tiered_pricing_percentage_rules":[],"_links":{"self":[{"href":"https:\/\/influencesport.ca\/en\/wp-json\/wp\/v2\/product\/651421","targetHints":{"allow":["GET"]}}],"collection":[{"href":"https:\/\/influencesport.ca\/en\/wp-json\/wp\/v2\/product"}],"about":[{"href":"https:\/\/influencesport.ca\/en\/wp-json\/wp\/v2\/types\/product"}],"wp:featuredmedia":[{"embeddable":true,"href":"https:\/\/influencesport.ca\/en\/wp-json\/wp\/v2\/media\/670511"}],"wp:attachment":[{"href":"https:\/\/influencesport.ca\/en\/wp-json\/wp\/v2\/media?parent=651421"}],"wp:term":[{"taxonomy":"product_brand","embeddable":true,"href":"https:\/\/influencesport.ca\/en\/wp-json\/wp\/v2\/product_brand?post=651421"},{"taxonomy":"product_cat","embeddable":true,"href":"https:\/\/influencesport.ca\/en\/wp-json\/wp\/v2\/product_cat?post=651421"},{"taxonomy":"product_tag","embeddable":true,"href":"https:\/\/influencesport.ca\/en\/wp-json\/wp\/v2\/product_tag?post=651421"}],"curies":[{"name":"wp","href":"https:\/\/api.w.org\/{rel}","templated":true}]}}