{"id":651410,"date":"2026-03-26T01:02:31","date_gmt":"2026-03-26T05:02:31","guid":{"rendered":"https:\/\/influencesport.ca\/?post_type=product&#038;p=651410"},"modified":"2026-04-12T14:04:58","modified_gmt":"2026-04-12T18:04:58","slug":"adidas-f50-elite-fg-12","status":"publish","type":"product","link":"https:\/\/influencesport.ca\/en\/produit\/adidas-f50-elite-fg-12\/","title":{"rendered":"Adidas F50 Elite FG"},"content":{"rendered":"","protected":false},"excerpt":{"rendered":"<p><strong>D\u00e9tails sur le produit : JR6450<\/strong><\/p>\n<p>La chaussure de football F50 Elite pour terrain souple est faite pour la rapidit\u00e9 sur le terrain. Avec un graphisme tendance sur la tige et une ing\u00e9nierie de pr\u00e9cision, elle offre le mix parfait entre style et performance. La tige Fibertouch pr\u00e9sente un mix de mat\u00e9riaux techniques procurant un maintien sup\u00e9rieur et une sensation de douceur avec des lignes en 3D plac\u00e9es aux endroits strat\u00e9giques. La technologie Sprintweb pr\u00e9sente une texture en 3D haute d\u00e9finition pour un meilleur contact avec le ballon, en particulier lors des dribbles \u00e0 grande vitesse. La languette Compression Fit Tunnel s&#8217;adapte \u00e0 ton pied, avec des renforts en TPU plac\u00e9s aux endroits strat\u00e9giques pour une meilleure exp\u00e9rience d&#8217;ajustement et de maintien. La semelle ext\u00e9rieure Sprintframe 360, avec sa structure anatomique renfor\u00e7ant la rigidit\u00e9 du m\u00e9dio-pied et une combinaison de crampons \u00e0 lame et semi-coniques, offre une acc\u00e9l\u00e9ration et une vitesse sup\u00e9rieures dans toutes les directions.<\/p>\n","protected":false},"featured_media":670498,"template":"","meta":{"_et_pb_use_builder":"","_et_pb_old_content":"","_et_gb_content_width":""},"product_brand":[],"product_cat":[17,16],"product_tag":[],"class_list":{"0":"post-651410","1":"product","2":"type-product","3":"status-publish","4":"has-post-thumbnail","6":"product_cat-crampons","7":"product_cat-souliers-soccer","9":"first","10":"instock","11":"featured","12":"taxable","13":"shipping-taxable","14":"purchasable","15":"product-type-variable"},"tiered_pricing_type":"fixed","tiered_pricing_fixed_rules":[],"tiered_pricing_product_settings":{"layout":"default","base_unit_name":{"singular":null,"plural":null},"default_variation":null},"tiered_pricing_minimum_quantity":null,"tiered_pricing_roles_data":[],"tiered_pricing_percentage_rules":[],"_links":{"self":[{"href":"https:\/\/influencesport.ca\/en\/wp-json\/wp\/v2\/product\/651410","targetHints":{"allow":["GET"]}}],"collection":[{"href":"https:\/\/influencesport.ca\/en\/wp-json\/wp\/v2\/product"}],"about":[{"href":"https:\/\/influencesport.ca\/en\/wp-json\/wp\/v2\/types\/product"}],"wp:featuredmedia":[{"embeddable":true,"href":"https:\/\/influencesport.ca\/en\/wp-json\/wp\/v2\/media\/670498"}],"wp:attachment":[{"href":"https:\/\/influencesport.ca\/en\/wp-json\/wp\/v2\/media?parent=651410"}],"wp:term":[{"taxonomy":"product_brand","embeddable":true,"href":"https:\/\/influencesport.ca\/en\/wp-json\/wp\/v2\/product_brand?post=651410"},{"taxonomy":"product_cat","embeddable":true,"href":"https:\/\/influencesport.ca\/en\/wp-json\/wp\/v2\/product_cat?post=651410"},{"taxonomy":"product_tag","embeddable":true,"href":"https:\/\/influencesport.ca\/en\/wp-json\/wp\/v2\/product_tag?post=651410"}],"curies":[{"name":"wp","href":"https:\/\/api.w.org\/{rel}","templated":true}]}}