{"id":651399,"date":"2026-03-26T01:02:07","date_gmt":"2026-03-26T05:02:07","guid":{"rendered":"https:\/\/influencesport.ca\/?post_type=product&#038;p=651399"},"modified":"2026-04-20T16:50:16","modified_gmt":"2026-04-20T20:50:16","slug":"adidas-f50-ll-fg-ly","status":"publish","type":"product","link":"https:\/\/influencesport.ca\/en\/produit\/adidas-f50-ll-fg-ly\/","title":{"rendered":"Adidas F50 LL FG LY"},"content":{"rendered":"","protected":false},"excerpt":{"rendered":"<p><strong>D\u00e9tails sur le produit : JR4441<\/strong><\/p>\n<p>La chaussure de football sans lacets F50 Elite Lamine Yamal pour terrain souple est con\u00e7ue pour des performances optimales. Dot\u00e9e de technologies de pointe, elle offre adh\u00e9rence et flexibilit\u00e9. Le col Primeknit pr\u00e9sente des zones sans couture con\u00e7ues avec pr\u00e9cision pour allier maintien et performances, en s\u2019adaptant au pied pour plus de souplesse et de confort. La tige Fibertouch apporte l\u00e9g\u00e8ret\u00e9, soutien et douceur, tandis que la structure Sprintweb offre une texture unique pour un meilleur contact avec le ballon. La semelle ext\u00e9rieure int\u00e8gre une structure interne anatomique pour plus de stabilit\u00e9, avec des crampons non amovibles assurant l\u2019adh\u00e9rence sur terrain souple. Le design slip-on sans lacets permet de se pr\u00e9parer rapidement, tandis que les 3\u00a0bandes embl\u00e9matiques rendent hommage \u00e0 l\u2019h\u00e9ritage sportif d\u2019adidas. Entrez dans le futur du football avec adidas et prenez le terrain avec confiance gr\u00e2ce \u00e0 cette chaussure ax\u00e9e sur les performances.<\/p>\n","protected":false},"featured_media":670487,"template":"","meta":{"_et_pb_use_builder":"","_et_pb_old_content":"","_et_gb_content_width":""},"product_brand":[],"product_cat":[17,16],"product_tag":[],"class_list":{"0":"post-651399","1":"product","2":"type-product","3":"status-publish","4":"has-post-thumbnail","6":"product_cat-crampons","7":"product_cat-souliers-soccer","9":"first","10":"instock","11":"featured","12":"taxable","13":"shipping-taxable","14":"purchasable","15":"product-type-variable"},"tiered_pricing_type":"fixed","tiered_pricing_fixed_rules":[],"tiered_pricing_product_settings":{"layout":"default","base_unit_name":{"singular":null,"plural":null},"default_variation":null},"tiered_pricing_minimum_quantity":null,"tiered_pricing_roles_data":[],"tiered_pricing_percentage_rules":[],"_links":{"self":[{"href":"https:\/\/influencesport.ca\/en\/wp-json\/wp\/v2\/product\/651399","targetHints":{"allow":["GET"]}}],"collection":[{"href":"https:\/\/influencesport.ca\/en\/wp-json\/wp\/v2\/product"}],"about":[{"href":"https:\/\/influencesport.ca\/en\/wp-json\/wp\/v2\/types\/product"}],"wp:featuredmedia":[{"embeddable":true,"href":"https:\/\/influencesport.ca\/en\/wp-json\/wp\/v2\/media\/670487"}],"wp:attachment":[{"href":"https:\/\/influencesport.ca\/en\/wp-json\/wp\/v2\/media?parent=651399"}],"wp:term":[{"taxonomy":"product_brand","embeddable":true,"href":"https:\/\/influencesport.ca\/en\/wp-json\/wp\/v2\/product_brand?post=651399"},{"taxonomy":"product_cat","embeddable":true,"href":"https:\/\/influencesport.ca\/en\/wp-json\/wp\/v2\/product_cat?post=651399"},{"taxonomy":"product_tag","embeddable":true,"href":"https:\/\/influencesport.ca\/en\/wp-json\/wp\/v2\/product_tag?post=651399"}],"curies":[{"name":"wp","href":"https:\/\/api.w.org\/{rel}","templated":true}]}}