{"id":650504,"date":"2026-03-19T00:42:07","date_gmt":"2026-03-19T04:42:07","guid":{"rendered":"https:\/\/influencesport.ca\/?post_type=product&#038;p=650504"},"modified":"2026-04-06T14:22:06","modified_gmt":"2026-04-06T18:22:06","slug":"nike-united-tiempo-maestro-elite-fg-nu3","status":"publish","type":"product","link":"https:\/\/influencesport.ca\/en\/produit\/nike-united-tiempo-maestro-elite-fg-nu3\/","title":{"rendered":"Nike United Tiempo Maestro Elite FG NU3"},"content":{"rendered":"","protected":false},"excerpt":{"rendered":"<p><strong>D\u00e9tails sur le produit : IO8457-201<\/strong><\/p>\n<p>Repoussez vos limites sur le terrain avec la Nike United Tiempo Maestro Elite. Con\u00e7ue pour les joueuses au contr\u00f4le exceptionnel, comme Naomi Girma et Patricia Guijarro, elle vous offre une ma\u00eetrise totale du ballon. Sa mati\u00e8re TECHLEATHER, plus souple que le cuir naturel, associ\u00e9e \u00e0 une plaque Maestro360 flexible, assure un ajustement parfait, comme avec un gant, quelle que soit la trajectoire du ballon.<\/p>\n","protected":false},"featured_media":670474,"template":"","meta":{"_et_pb_use_builder":"","_et_pb_old_content":"","_et_gb_content_width":""},"product_brand":[],"product_cat":[17,16],"product_tag":[],"class_list":{"0":"post-650504","1":"product","2":"type-product","3":"status-publish","4":"has-post-thumbnail","6":"product_cat-crampons","7":"product_cat-souliers-soccer","9":"first","10":"instock","11":"featured","12":"taxable","13":"shipping-taxable","14":"purchasable","15":"product-type-variable"},"tiered_pricing_type":"fixed","tiered_pricing_fixed_rules":[],"tiered_pricing_product_settings":{"layout":"default","base_unit_name":{"singular":null,"plural":null},"default_variation":null},"tiered_pricing_minimum_quantity":null,"tiered_pricing_roles_data":[],"tiered_pricing_percentage_rules":[],"_links":{"self":[{"href":"https:\/\/influencesport.ca\/en\/wp-json\/wp\/v2\/product\/650504","targetHints":{"allow":["GET"]}}],"collection":[{"href":"https:\/\/influencesport.ca\/en\/wp-json\/wp\/v2\/product"}],"about":[{"href":"https:\/\/influencesport.ca\/en\/wp-json\/wp\/v2\/types\/product"}],"wp:featuredmedia":[{"embeddable":true,"href":"https:\/\/influencesport.ca\/en\/wp-json\/wp\/v2\/media\/670474"}],"wp:attachment":[{"href":"https:\/\/influencesport.ca\/en\/wp-json\/wp\/v2\/media?parent=650504"}],"wp:term":[{"taxonomy":"product_brand","embeddable":true,"href":"https:\/\/influencesport.ca\/en\/wp-json\/wp\/v2\/product_brand?post=650504"},{"taxonomy":"product_cat","embeddable":true,"href":"https:\/\/influencesport.ca\/en\/wp-json\/wp\/v2\/product_cat?post=650504"},{"taxonomy":"product_tag","embeddable":true,"href":"https:\/\/influencesport.ca\/en\/wp-json\/wp\/v2\/product_tag?post=650504"}],"curies":[{"name":"wp","href":"https:\/\/api.w.org\/{rel}","templated":true}]}}