{"id":650482,"date":"2026-03-19T00:41:14","date_gmt":"2026-03-19T04:41:14","guid":{"rendered":"https:\/\/influencesport.ca\/?post_type=product&#038;p=650482"},"modified":"2026-04-18T10:55:59","modified_gmt":"2026-04-18T14:55:59","slug":"nike-united-phantom-6-low-elite-fg-nu3","status":"publish","type":"product","link":"https:\/\/influencesport.ca\/en\/produit\/nike-united-phantom-6-low-elite-fg-nu3\/","title":{"rendered":"Nike United Phantom 6 Low Elite FG NU3"},"content":{"rendered":"","protected":false},"excerpt":{"rendered":"<p><strong>D\u00e9tails sur le produit : IO8444-661<\/strong><\/p>\n<p>Repoussez vos limites sur le terrain avec la Nike United Phantom 6 Elite. Con\u00e7ue pour les joueuses d&#8217;une pr\u00e9cision chirurgicale, comme Sophia Wilson et Deyna Castellanos, elle aiguise votre pr\u00e9cision gr\u00e2ce \u00e0 la technologie Gripknit r\u00e9volutionnaire pour des frappes chirurgicales et \u00e0 une plaque Cyclone 360 \u200b\u200bperfectionn\u00e9e pour des changements de direction fulgurants.<\/p>\n","protected":false},"featured_media":670436,"template":"","meta":{"_et_pb_use_builder":"","_et_pb_old_content":"","_et_gb_content_width":""},"product_brand":[],"product_cat":[17,16],"product_tag":[],"class_list":{"0":"post-650482","1":"product","2":"type-product","3":"status-publish","4":"has-post-thumbnail","6":"product_cat-crampons","7":"product_cat-souliers-soccer","9":"first","10":"instock","11":"featured","12":"taxable","13":"shipping-taxable","14":"purchasable","15":"product-type-variable"},"tiered_pricing_type":"fixed","tiered_pricing_fixed_rules":[],"tiered_pricing_product_settings":{"layout":"default","base_unit_name":{"singular":null,"plural":null},"default_variation":null},"tiered_pricing_minimum_quantity":null,"tiered_pricing_roles_data":[],"tiered_pricing_percentage_rules":[],"_links":{"self":[{"href":"https:\/\/influencesport.ca\/en\/wp-json\/wp\/v2\/product\/650482","targetHints":{"allow":["GET"]}}],"collection":[{"href":"https:\/\/influencesport.ca\/en\/wp-json\/wp\/v2\/product"}],"about":[{"href":"https:\/\/influencesport.ca\/en\/wp-json\/wp\/v2\/types\/product"}],"wp:featuredmedia":[{"embeddable":true,"href":"https:\/\/influencesport.ca\/en\/wp-json\/wp\/v2\/media\/670436"}],"wp:attachment":[{"href":"https:\/\/influencesport.ca\/en\/wp-json\/wp\/v2\/media?parent=650482"}],"wp:term":[{"taxonomy":"product_brand","embeddable":true,"href":"https:\/\/influencesport.ca\/en\/wp-json\/wp\/v2\/product_brand?post=650482"},{"taxonomy":"product_cat","embeddable":true,"href":"https:\/\/influencesport.ca\/en\/wp-json\/wp\/v2\/product_cat?post=650482"},{"taxonomy":"product_tag","embeddable":true,"href":"https:\/\/influencesport.ca\/en\/wp-json\/wp\/v2\/product_tag?post=650482"}],"curies":[{"name":"wp","href":"https:\/\/api.w.org\/{rel}","templated":true}]}}