{"id":650471,"date":"2026-03-19T00:40:48","date_gmt":"2026-03-19T04:40:48","guid":{"rendered":"https:\/\/influencesport.ca\/?post_type=product&#038;p=650471"},"modified":"2026-04-18T13:02:07","modified_gmt":"2026-04-18T17:02:07","slug":"nike-united-vapor-16-elite-fg-2","status":"publish","type":"product","link":"https:\/\/influencesport.ca\/en\/produit\/nike-united-vapor-16-elite-fg-2\/","title":{"rendered":"Nike United Vapor 16 Elite FG"},"content":{"rendered":"","protected":false},"excerpt":{"rendered":"<p><strong>D\u00e9tails sur le produit : IO8442-661<\/strong><\/p>\n<p>Repoussez vos limites sur le terrain avec la Nike United Vapor 16 Elite. Con\u00e7ue pour vous offrir, ainsi qu&#8217;\u00e0 des joueuses comme Lauren James et Salma Paralluelo, une acc\u00e9l\u00e9ration fulgurante, elle est dot\u00e9e d&#8217;une unit\u00e9 Air Zoom sur les trois quarts de la longueur et d&#8217;une semelle ext\u00e9rieure \u00e0 motif ondul\u00e9 pour une traction optimale.<\/p>\n","protected":false},"featured_media":670417,"template":"","meta":{"_et_pb_use_builder":"","_et_pb_old_content":"","_et_gb_content_width":""},"product_brand":[],"product_cat":[17,16],"product_tag":[],"class_list":{"0":"post-650471","1":"product","2":"type-product","3":"status-publish","4":"has-post-thumbnail","6":"product_cat-crampons","7":"product_cat-souliers-soccer","9":"first","10":"instock","11":"featured","12":"taxable","13":"shipping-taxable","14":"purchasable","15":"product-type-variable"},"tiered_pricing_type":"fixed","tiered_pricing_fixed_rules":[],"tiered_pricing_product_settings":{"layout":"default","base_unit_name":{"singular":null,"plural":null},"default_variation":null},"tiered_pricing_minimum_quantity":null,"tiered_pricing_roles_data":[],"tiered_pricing_percentage_rules":[],"_links":{"self":[{"href":"https:\/\/influencesport.ca\/en\/wp-json\/wp\/v2\/product\/650471","targetHints":{"allow":["GET"]}}],"collection":[{"href":"https:\/\/influencesport.ca\/en\/wp-json\/wp\/v2\/product"}],"about":[{"href":"https:\/\/influencesport.ca\/en\/wp-json\/wp\/v2\/types\/product"}],"wp:featuredmedia":[{"embeddable":true,"href":"https:\/\/influencesport.ca\/en\/wp-json\/wp\/v2\/media\/670417"}],"wp:attachment":[{"href":"https:\/\/influencesport.ca\/en\/wp-json\/wp\/v2\/media?parent=650471"}],"wp:term":[{"taxonomy":"product_brand","embeddable":true,"href":"https:\/\/influencesport.ca\/en\/wp-json\/wp\/v2\/product_brand?post=650471"},{"taxonomy":"product_cat","embeddable":true,"href":"https:\/\/influencesport.ca\/en\/wp-json\/wp\/v2\/product_cat?post=650471"},{"taxonomy":"product_tag","embeddable":true,"href":"https:\/\/influencesport.ca\/en\/wp-json\/wp\/v2\/product_tag?post=650471"}],"curies":[{"name":"wp","href":"https:\/\/api.w.org\/{rel}","templated":true}]}}