{"id":648784,"date":"2026-03-10T00:41:22","date_gmt":"2026-03-10T04:41:22","guid":{"rendered":"https:\/\/influencesport.ca\/?post_type=product&#038;p=648784"},"modified":"2026-03-20T10:32:26","modified_gmt":"2026-03-20T14:32:26","slug":"nike-maillot-canada-noir-enfant","status":"publish","type":"product","link":"https:\/\/influencesport.ca\/en\/produit\/nike-maillot-canada-noir-enfant\/","title":{"rendered":"Nike Maillot Canada Noir Enfant"},"content":{"rendered":"","protected":false},"excerpt":{"rendered":"<p><strong>D\u00e9tails sur le produit : P45892-BLK<\/strong><\/p>\n<p>Offrez \u00e0 vos gar\u00e7ons l&#8217;opportunit\u00e9 de vibrer au rythme du football avec le maillot r\u00e9plique Nike Canada Stadium Coupe du Monde 2026 pour enfants. Reprenant les noms et num\u00e9ros port\u00e9s par leurs h\u00e9ros, ce maillot r\u00e9plique leur procurera une \u00e9tincelle d&#8217;enthousiasme \u00e0 chaque fois qu&#8217;ils l&#8217;enfileront. Gr\u00e2ce \u00e0 sa technologie anti-transpiration, ce maillot garde vos champions au sec et pr\u00eats \u00e0 jouer, que ce soit \u00e0 l&#8217;\u00e9cole, \u00e0 l&#8217;entra\u00eenement ou dans le jardin. Les d\u00e9tails soign\u00e9s du logo Canada Soccer et le Swoosh classique permettent \u00e0 vos enfants d&#8217;afficher fi\u00e8rement leur passion. Aidez vos jeunes champions \u00e0 se rapprocher de leurs r\u00eaves avec le maillot r\u00e9plique Nike Canada Stadium Coupe du Monde 2026.<\/p>\n","protected":false},"featured_media":649611,"template":"","meta":{"_et_pb_use_builder":"","_et_pb_old_content":"","_et_gb_content_width":""},"product_brand":[],"product_cat":[92],"product_tag":[],"class_list":{"0":"post-648784","1":"product","2":"type-product","3":"status-publish","4":"has-post-thumbnail","6":"product_cat-articles-de-club","8":"first","9":"instock","10":"featured","11":"taxable","12":"shipping-taxable","13":"purchasable","14":"product-type-variable"},"tiered_pricing_type":"fixed","tiered_pricing_fixed_rules":[],"tiered_pricing_product_settings":{"layout":"default","base_unit_name":{"singular":null,"plural":null},"default_variation":null},"tiered_pricing_minimum_quantity":null,"tiered_pricing_roles_data":[],"tiered_pricing_percentage_rules":[],"_links":{"self":[{"href":"https:\/\/influencesport.ca\/en\/wp-json\/wp\/v2\/product\/648784","targetHints":{"allow":["GET"]}}],"collection":[{"href":"https:\/\/influencesport.ca\/en\/wp-json\/wp\/v2\/product"}],"about":[{"href":"https:\/\/influencesport.ca\/en\/wp-json\/wp\/v2\/types\/product"}],"wp:featuredmedia":[{"embeddable":true,"href":"https:\/\/influencesport.ca\/en\/wp-json\/wp\/v2\/media\/649611"}],"wp:attachment":[{"href":"https:\/\/influencesport.ca\/en\/wp-json\/wp\/v2\/media?parent=648784"}],"wp:term":[{"taxonomy":"product_brand","embeddable":true,"href":"https:\/\/influencesport.ca\/en\/wp-json\/wp\/v2\/product_brand?post=648784"},{"taxonomy":"product_cat","embeddable":true,"href":"https:\/\/influencesport.ca\/en\/wp-json\/wp\/v2\/product_cat?post=648784"},{"taxonomy":"product_tag","embeddable":true,"href":"https:\/\/influencesport.ca\/en\/wp-json\/wp\/v2\/product_tag?post=648784"}],"curies":[{"name":"wp","href":"https:\/\/api.w.org\/{rel}","templated":true}]}}