{"id":648771,"date":"2026-03-10T00:40:53","date_gmt":"2026-03-10T04:40:53","guid":{"rendered":"https:\/\/influencesport.ca\/?post_type=product&#038;p=648771"},"modified":"2026-03-16T17:40:34","modified_gmt":"2026-03-16T21:40:34","slug":"nike-maillot-canada-blanc-adulte","status":"publish","type":"product","link":"https:\/\/influencesport.ca\/en\/produit\/nike-maillot-canada-blanc-adulte\/","title":{"rendered":"Nike Maillot Canada Blanc Adulte"},"content":{"rendered":"","protected":false},"excerpt":{"rendered":"<p><strong>D\u00e9tails sur le produit : P35887-W<\/strong><\/p>\n<p>Affichez votre passion pour le Canada chaque fois que vous enfilez le chandail de la Coupe du monde du Canada de Nike. Inspir\u00e9 par votre \u00e9quipe pr\u00e9f\u00e9r\u00e9e, ce chandail est dot\u00e9 d\u2019une technologie d\u2019\u00e9vacuation de la transpiration qui vous garde au sec et confortable, que vous encouragiez votre \u00e9quipe dans les gradins ou que vous restiez actif tout au long de la journ\u00e9e. Adoptez un style \u00e9pur\u00e9, frais et fi\u00e8rement canadien avec le chandail de la Coupe du monde du Canad<\/p>\n","protected":false},"featured_media":649600,"template":"","meta":{"_et_pb_use_builder":"","_et_pb_old_content":"","_et_gb_content_width":""},"product_brand":[],"product_cat":[92],"product_tag":[],"class_list":{"0":"post-648771","1":"product","2":"type-product","3":"status-publish","4":"has-post-thumbnail","6":"product_cat-articles-de-club","8":"first","9":"instock","10":"featured","11":"taxable","12":"shipping-taxable","13":"purchasable","14":"product-type-variable"},"tiered_pricing_type":"fixed","tiered_pricing_fixed_rules":[],"tiered_pricing_product_settings":{"layout":"default","base_unit_name":{"singular":null,"plural":null},"default_variation":null},"tiered_pricing_minimum_quantity":null,"tiered_pricing_roles_data":[],"tiered_pricing_percentage_rules":[],"_links":{"self":[{"href":"https:\/\/influencesport.ca\/en\/wp-json\/wp\/v2\/product\/648771","targetHints":{"allow":["GET"]}}],"collection":[{"href":"https:\/\/influencesport.ca\/en\/wp-json\/wp\/v2\/product"}],"about":[{"href":"https:\/\/influencesport.ca\/en\/wp-json\/wp\/v2\/types\/product"}],"wp:featuredmedia":[{"embeddable":true,"href":"https:\/\/influencesport.ca\/en\/wp-json\/wp\/v2\/media\/649600"}],"wp:attachment":[{"href":"https:\/\/influencesport.ca\/en\/wp-json\/wp\/v2\/media?parent=648771"}],"wp:term":[{"taxonomy":"product_brand","embeddable":true,"href":"https:\/\/influencesport.ca\/en\/wp-json\/wp\/v2\/product_brand?post=648771"},{"taxonomy":"product_cat","embeddable":true,"href":"https:\/\/influencesport.ca\/en\/wp-json\/wp\/v2\/product_cat?post=648771"},{"taxonomy":"product_tag","embeddable":true,"href":"https:\/\/influencesport.ca\/en\/wp-json\/wp\/v2\/product_tag?post=648771"}],"curies":[{"name":"wp","href":"https:\/\/api.w.org\/{rel}","templated":true}]}}