{"id":648765,"date":"2026-03-10T00:40:40","date_gmt":"2026-03-10T04:40:40","guid":{"rendered":"https:\/\/influencesport.ca\/?post_type=product&#038;p=648765"},"modified":"2026-04-01T11:16:27","modified_gmt":"2026-04-01T15:16:27","slug":"nike-team-canada-red-2026","status":"publish","type":"product","link":"https:\/\/influencesport.ca\/en\/produit\/nike-team-canada-red-2026\/","title":{"rendered":"Nike Team Canada Red 2026"},"content":{"rendered":"","protected":false},"excerpt":{"rendered":"<p><strong>D\u00e9tails sur le produit : P35887-R<\/strong><\/p>\n<p>Affichez votre passion pour le Canada \u00e0 chaque fois que vous enfilez le maillot Nike Canada pour la Coupe du Monde. Inspir\u00e9 par votre \u00e9quipe favorite, ce maillot est dot\u00e9 d&#8217;une technologie anti-transpiration qui vous garde au sec et \u00e0 l&#8217;aise, que vous soyez dans les gradins ou en pleine activit\u00e9. Un look impeccable, d\u00e9contract\u00e9 et fi\u00e8rement canadien avec le maillot Nike Canada pour la Coupe du Monde.<\/p>\n","protected":false},"featured_media":649595,"template":"","meta":{"_et_pb_use_builder":"","_et_pb_old_content":"","_et_gb_content_width":""},"product_brand":[],"product_cat":[92],"product_tag":[],"class_list":{"0":"post-648765","1":"product","2":"type-product","3":"status-publish","4":"has-post-thumbnail","6":"product_cat-articles-de-club","8":"first","9":"instock","10":"featured","11":"taxable","12":"shipping-taxable","13":"purchasable","14":"product-type-variable"},"tiered_pricing_type":"fixed","tiered_pricing_fixed_rules":[],"tiered_pricing_product_settings":{"layout":"default","base_unit_name":{"singular":null,"plural":null},"default_variation":null},"tiered_pricing_minimum_quantity":null,"tiered_pricing_roles_data":[],"tiered_pricing_percentage_rules":[],"_links":{"self":[{"href":"https:\/\/influencesport.ca\/en\/wp-json\/wp\/v2\/product\/648765","targetHints":{"allow":["GET"]}}],"collection":[{"href":"https:\/\/influencesport.ca\/en\/wp-json\/wp\/v2\/product"}],"about":[{"href":"https:\/\/influencesport.ca\/en\/wp-json\/wp\/v2\/types\/product"}],"wp:featuredmedia":[{"embeddable":true,"href":"https:\/\/influencesport.ca\/en\/wp-json\/wp\/v2\/media\/649595"}],"wp:attachment":[{"href":"https:\/\/influencesport.ca\/en\/wp-json\/wp\/v2\/media?parent=648765"}],"wp:term":[{"taxonomy":"product_brand","embeddable":true,"href":"https:\/\/influencesport.ca\/en\/wp-json\/wp\/v2\/product_brand?post=648765"},{"taxonomy":"product_cat","embeddable":true,"href":"https:\/\/influencesport.ca\/en\/wp-json\/wp\/v2\/product_cat?post=648765"},{"taxonomy":"product_tag","embeddable":true,"href":"https:\/\/influencesport.ca\/en\/wp-json\/wp\/v2\/product_tag?post=648765"}],"curies":[{"name":"wp","href":"https:\/\/api.w.org\/{rel}","templated":true}]}}