{"id":647419,"date":"2026-02-27T00:38:55","date_gmt":"2026-02-27T05:38:55","guid":{"rendered":"https:\/\/influencesport.ca\/?post_type=product&#038;p=647419"},"modified":"2026-03-16T18:17:09","modified_gmt":"2026-03-16T22:17:09","slug":"nike-jr-tiempo-streetgato-jordan","status":"publish","type":"product","link":"https:\/\/influencesport.ca\/en\/produit\/nike-jr-tiempo-streetgato-jordan\/","title":{"rendered":"Nike JR Tiempo Streetgato Jordan"},"content":{"rendered":"","protected":false},"excerpt":{"rendered":"<p><strong>D\u00e9tails sur le produit : IQ3773-016<\/strong><\/p>\n<p>Le football de rue est avant tout une question de toucher de balle. C&#8217;est pourquoi nous avons con\u00e7u la Tiempo Streetgato en daim. Sa texture douce vous offre un contr\u00f4le total du ballon, pour semer la pagaille dans n&#8217;importe quelle d\u00e9fense.<\/p>\n","protected":false},"featured_media":649630,"template":"","meta":{"_et_pb_use_builder":"","_et_pb_old_content":"","_et_gb_content_width":""},"product_brand":[],"product_cat":[37,16],"product_tag":[],"class_list":{"0":"post-647419","1":"product","2":"type-product","3":"status-publish","4":"has-post-thumbnail","6":"product_cat-futsal","7":"product_cat-souliers-soccer","9":"first","10":"instock","11":"featured","12":"taxable","13":"shipping-taxable","14":"purchasable","15":"product-type-variable"},"tiered_pricing_type":"fixed","tiered_pricing_fixed_rules":[],"tiered_pricing_product_settings":{"layout":"default","base_unit_name":{"singular":null,"plural":null},"default_variation":null},"tiered_pricing_minimum_quantity":null,"tiered_pricing_roles_data":[],"tiered_pricing_percentage_rules":[],"_links":{"self":[{"href":"https:\/\/influencesport.ca\/en\/wp-json\/wp\/v2\/product\/647419","targetHints":{"allow":["GET"]}}],"collection":[{"href":"https:\/\/influencesport.ca\/en\/wp-json\/wp\/v2\/product"}],"about":[{"href":"https:\/\/influencesport.ca\/en\/wp-json\/wp\/v2\/types\/product"}],"wp:featuredmedia":[{"embeddable":true,"href":"https:\/\/influencesport.ca\/en\/wp-json\/wp\/v2\/media\/649630"}],"wp:attachment":[{"href":"https:\/\/influencesport.ca\/en\/wp-json\/wp\/v2\/media?parent=647419"}],"wp:term":[{"taxonomy":"product_brand","embeddable":true,"href":"https:\/\/influencesport.ca\/en\/wp-json\/wp\/v2\/product_brand?post=647419"},{"taxonomy":"product_cat","embeddable":true,"href":"https:\/\/influencesport.ca\/en\/wp-json\/wp\/v2\/product_cat?post=647419"},{"taxonomy":"product_tag","embeddable":true,"href":"https:\/\/influencesport.ca\/en\/wp-json\/wp\/v2\/product_tag?post=647419"}],"curies":[{"name":"wp","href":"https:\/\/api.w.org\/{rel}","templated":true}]}}