{"id":647403,"date":"2026-02-27T00:38:17","date_gmt":"2026-02-27T05:38:17","guid":{"rendered":"https:\/\/influencesport.ca\/?post_type=product&#038;p=647403"},"modified":"2026-03-22T13:22:17","modified_gmt":"2026-03-22T17:22:17","slug":"nike-vapor-16-club-vjr-fg-mg","status":"publish","type":"product","link":"https:\/\/influencesport.ca\/en\/produit\/nike-vapor-16-club-vjr-fg-mg\/","title":{"rendered":"Nike Vapor 16 Club VJR FG\/MG"},"content":{"rendered":"","protected":false},"excerpt":{"rendered":"<p><strong>D\u00e9tails sur le produit : IM3647-640<\/strong><\/p>\n<p>Sur le terrain, on veut se faire remarquer, tout comme Vini Jr. Inspir\u00e9s par le talent qu&#8217;il d\u00e9ploie \u00e0 chaque match, ces crampons accrocheurs sont fabriqu\u00e9s en cuir synth\u00e9tique adh\u00e9rent pour que les d\u00e9fenseurs ne les voient plus lorsque vous les d\u00e9passez.<\/p>\n","protected":false},"featured_media":647809,"template":"","meta":{"_et_pb_use_builder":"","_et_pb_old_content":"","_et_gb_content_width":""},"product_brand":[],"product_cat":[17,16],"product_tag":[],"class_list":{"0":"post-647403","1":"product","2":"type-product","3":"status-publish","4":"has-post-thumbnail","6":"product_cat-crampons","7":"product_cat-souliers-soccer","9":"first","10":"instock","11":"featured","12":"taxable","13":"shipping-taxable","14":"purchasable","15":"product-type-variable"},"tiered_pricing_type":"fixed","tiered_pricing_fixed_rules":[],"tiered_pricing_product_settings":{"layout":"default","base_unit_name":{"singular":null,"plural":null},"default_variation":null},"tiered_pricing_minimum_quantity":null,"tiered_pricing_roles_data":[],"tiered_pricing_percentage_rules":[],"_links":{"self":[{"href":"https:\/\/influencesport.ca\/en\/wp-json\/wp\/v2\/product\/647403","targetHints":{"allow":["GET"]}}],"collection":[{"href":"https:\/\/influencesport.ca\/en\/wp-json\/wp\/v2\/product"}],"about":[{"href":"https:\/\/influencesport.ca\/en\/wp-json\/wp\/v2\/types\/product"}],"wp:featuredmedia":[{"embeddable":true,"href":"https:\/\/influencesport.ca\/en\/wp-json\/wp\/v2\/media\/647809"}],"wp:attachment":[{"href":"https:\/\/influencesport.ca\/en\/wp-json\/wp\/v2\/media?parent=647403"}],"wp:term":[{"taxonomy":"product_brand","embeddable":true,"href":"https:\/\/influencesport.ca\/en\/wp-json\/wp\/v2\/product_brand?post=647403"},{"taxonomy":"product_cat","embeddable":true,"href":"https:\/\/influencesport.ca\/en\/wp-json\/wp\/v2\/product_cat?post=647403"},{"taxonomy":"product_tag","embeddable":true,"href":"https:\/\/influencesport.ca\/en\/wp-json\/wp\/v2\/product_tag?post=647403"}],"curies":[{"name":"wp","href":"https:\/\/api.w.org\/{rel}","templated":true}]}}