{"id":647070,"date":"2026-02-25T00:36:16","date_gmt":"2026-02-25T05:36:16","guid":{"rendered":"https:\/\/influencesport.ca\/?post_type=product&#038;p=647070"},"modified":"2026-04-12T11:58:44","modified_gmt":"2026-04-12T15:58:44","slug":"nike-jr-phantom-6-high-academy-fg-mg","status":"publish","type":"product","link":"https:\/\/influencesport.ca\/en\/produit\/nike-jr-phantom-6-high-academy-fg-mg\/","title":{"rendered":"Nike Jr Phantom 6 High Academy FG\/MG"},"content":{"rendered":"","protected":false},"excerpt":{"rendered":"<p><strong>D\u00e9tails sur le produit : HQ2042-446<\/strong><\/p>\n<p>Am\u00e9liorez votre pr\u00e9cision avec la Phantom 6 Academy. Optimisez votre pr\u00e9cision gr\u00e2ce \u00e0 une zone de contact NikeSkin, positionn\u00e9e l\u00e0 o\u00f9 vous en avez le plus besoin pour des tirs chirurgicaux. Sa texture adh\u00e9rente vous aide \u00e0 exploiter au mieux vos occasions de marquer en am\u00e9liorant le contact du pied avec le ballon.<\/p>\n","protected":false},"featured_media":647744,"template":"","meta":{"_et_pb_use_builder":"","_et_pb_old_content":"","_et_gb_content_width":""},"product_brand":[],"product_cat":[17,16],"product_tag":[],"class_list":{"0":"post-647070","1":"product","2":"type-product","3":"status-publish","4":"has-post-thumbnail","6":"product_cat-crampons","7":"product_cat-souliers-soccer","9":"first","10":"instock","11":"featured","12":"taxable","13":"shipping-taxable","14":"purchasable","15":"product-type-variable"},"tiered_pricing_type":"fixed","tiered_pricing_fixed_rules":[],"tiered_pricing_product_settings":{"layout":"default","base_unit_name":{"singular":null,"plural":null},"default_variation":null},"tiered_pricing_minimum_quantity":null,"tiered_pricing_roles_data":[],"tiered_pricing_percentage_rules":[],"_links":{"self":[{"href":"https:\/\/influencesport.ca\/en\/wp-json\/wp\/v2\/product\/647070","targetHints":{"allow":["GET"]}}],"collection":[{"href":"https:\/\/influencesport.ca\/en\/wp-json\/wp\/v2\/product"}],"about":[{"href":"https:\/\/influencesport.ca\/en\/wp-json\/wp\/v2\/types\/product"}],"wp:featuredmedia":[{"embeddable":true,"href":"https:\/\/influencesport.ca\/en\/wp-json\/wp\/v2\/media\/647744"}],"wp:attachment":[{"href":"https:\/\/influencesport.ca\/en\/wp-json\/wp\/v2\/media?parent=647070"}],"wp:term":[{"taxonomy":"product_brand","embeddable":true,"href":"https:\/\/influencesport.ca\/en\/wp-json\/wp\/v2\/product_brand?post=647070"},{"taxonomy":"product_cat","embeddable":true,"href":"https:\/\/influencesport.ca\/en\/wp-json\/wp\/v2\/product_cat?post=647070"},{"taxonomy":"product_tag","embeddable":true,"href":"https:\/\/influencesport.ca\/en\/wp-json\/wp\/v2\/product_tag?post=647070"}],"curies":[{"name":"wp","href":"https:\/\/api.w.org\/{rel}","templated":true}]}}