{"id":647057,"date":"2026-02-25T00:35:38","date_gmt":"2026-02-25T05:35:38","guid":{"rendered":"https:\/\/influencesport.ca\/?post_type=product&#038;p=647057"},"modified":"2026-04-19T13:44:17","modified_gmt":"2026-04-19T17:44:17","slug":"nike-jr-superfly-10-club-km-fg-mg","status":"publish","type":"product","link":"https:\/\/influencesport.ca\/en\/produit\/nike-jr-superfly-10-club-km-fg-mg\/","title":{"rendered":"Nike Jr Superfly 10 Club KM FG\/MG"},"content":{"rendered":"","protected":false},"excerpt":{"rendered":"<p><strong>D\u00e9tails sur le produit : HF6283-200<\/strong><\/p>\n<p>Que vous soyez d\u00e9butant ou que vous jouiez pour le plaisir, les crampons Club vous permettent de fouler le terrain sans compromis sur la qualit\u00e9. La Nike Jr. Superfly 10 vous aide \u00e0 lib\u00e9rer votre vitesse et \u00e0 marquer des buts, comme Kylian Mbapp\u00e9. De plus, son empeigne en cuir synth\u00e9tique offre une adh\u00e9rence optimale lors de vos dribbles \u00e0 grande vitesse. \u00c0 vous de jouer\u00a0!<\/p>\n","protected":false},"featured_media":647710,"template":"","meta":{"_et_pb_use_builder":"","_et_pb_old_content":"","_et_gb_content_width":""},"product_brand":[],"product_cat":[17,16],"product_tag":[],"class_list":{"0":"post-647057","1":"product","2":"type-product","3":"status-publish","4":"has-post-thumbnail","6":"product_cat-crampons","7":"product_cat-souliers-soccer","9":"first","10":"instock","11":"featured","12":"taxable","13":"shipping-taxable","14":"purchasable","15":"product-type-variable"},"tiered_pricing_type":"fixed","tiered_pricing_fixed_rules":[],"tiered_pricing_product_settings":{"layout":"default","base_unit_name":{"singular":null,"plural":null},"default_variation":null},"tiered_pricing_minimum_quantity":null,"tiered_pricing_roles_data":[],"tiered_pricing_percentage_rules":[],"_links":{"self":[{"href":"https:\/\/influencesport.ca\/en\/wp-json\/wp\/v2\/product\/647057","targetHints":{"allow":["GET"]}}],"collection":[{"href":"https:\/\/influencesport.ca\/en\/wp-json\/wp\/v2\/product"}],"about":[{"href":"https:\/\/influencesport.ca\/en\/wp-json\/wp\/v2\/types\/product"}],"wp:featuredmedia":[{"embeddable":true,"href":"https:\/\/influencesport.ca\/en\/wp-json\/wp\/v2\/media\/647710"}],"wp:attachment":[{"href":"https:\/\/influencesport.ca\/en\/wp-json\/wp\/v2\/media?parent=647057"}],"wp:term":[{"taxonomy":"product_brand","embeddable":true,"href":"https:\/\/influencesport.ca\/en\/wp-json\/wp\/v2\/product_brand?post=647057"},{"taxonomy":"product_cat","embeddable":true,"href":"https:\/\/influencesport.ca\/en\/wp-json\/wp\/v2\/product_cat?post=647057"},{"taxonomy":"product_tag","embeddable":true,"href":"https:\/\/influencesport.ca\/en\/wp-json\/wp\/v2\/product_tag?post=647057"}],"curies":[{"name":"wp","href":"https:\/\/api.w.org\/{rel}","templated":true}]}}