{"id":647047,"date":"2026-02-25T00:34:45","date_gmt":"2026-02-25T05:34:45","guid":{"rendered":"https:\/\/influencesport.ca\/?post_type=product&#038;p=647047"},"modified":"2026-02-27T18:48:44","modified_gmt":"2026-02-27T23:48:44","slug":"nike-zm-vapor-16-academy-ag","status":"publish","type":"product","link":"https:\/\/influencesport.ca\/en\/produit\/nike-zm-vapor-16-academy-ag\/","title":{"rendered":"Nike ZM Vapor 16 Academy AG"},"content":{"rendered":"","protected":false},"excerpt":{"rendered":"<p><strong>D\u00e9tails sur le produit : FQ8364-446<\/strong><\/p>\n<p>Envie de booster votre vitesse\u00a0? Nous avons con\u00e7u cette chaussure Academy avec une unit\u00e9 Air Zoom am\u00e9lior\u00e9e au talon. Elle vous offre la propulsion n\u00e9cessaire pour percer les d\u00e9fenses. R\u00e9sultat\u00a0: la Mercurial la plus r\u00e9active jamais cr\u00e9\u00e9e, pour dicter le rythme et le tempo tout au long du match.<\/p>\n","protected":false},"featured_media":647694,"template":"","meta":{"_et_pb_use_builder":"","_et_pb_old_content":"","_et_gb_content_width":""},"product_brand":[],"product_cat":[17,16],"product_tag":[],"class_list":{"0":"post-647047","1":"product","2":"type-product","3":"status-publish","4":"has-post-thumbnail","6":"product_cat-crampons","7":"product_cat-souliers-soccer","9":"first","10":"instock","11":"featured","12":"taxable","13":"shipping-taxable","14":"purchasable","15":"product-type-variable"},"tiered_pricing_type":"fixed","tiered_pricing_fixed_rules":[],"tiered_pricing_product_settings":{"layout":"default","base_unit_name":{"singular":null,"plural":null},"default_variation":null},"tiered_pricing_minimum_quantity":null,"tiered_pricing_roles_data":[],"tiered_pricing_percentage_rules":[],"_links":{"self":[{"href":"https:\/\/influencesport.ca\/en\/wp-json\/wp\/v2\/product\/647047","targetHints":{"allow":["GET"]}}],"collection":[{"href":"https:\/\/influencesport.ca\/en\/wp-json\/wp\/v2\/product"}],"about":[{"href":"https:\/\/influencesport.ca\/en\/wp-json\/wp\/v2\/types\/product"}],"wp:featuredmedia":[{"embeddable":true,"href":"https:\/\/influencesport.ca\/en\/wp-json\/wp\/v2\/media\/647694"}],"wp:attachment":[{"href":"https:\/\/influencesport.ca\/en\/wp-json\/wp\/v2\/media?parent=647047"}],"wp:term":[{"taxonomy":"product_brand","embeddable":true,"href":"https:\/\/influencesport.ca\/en\/wp-json\/wp\/v2\/product_brand?post=647047"},{"taxonomy":"product_cat","embeddable":true,"href":"https:\/\/influencesport.ca\/en\/wp-json\/wp\/v2\/product_cat?post=647047"},{"taxonomy":"product_tag","embeddable":true,"href":"https:\/\/influencesport.ca\/en\/wp-json\/wp\/v2\/product_tag?post=647047"}],"curies":[{"name":"wp","href":"https:\/\/api.w.org\/{rel}","templated":true}]}}