{"id":647037,"date":"2026-02-25T00:34:18","date_gmt":"2026-02-25T05:34:18","guid":{"rendered":"https:\/\/influencesport.ca\/?post_type=product&#038;p=647037"},"modified":"2026-02-27T18:48:45","modified_gmt":"2026-02-27T23:48:45","slug":"nike-superfly-10-club-tf-2","status":"publish","type":"product","link":"https:\/\/influencesport.ca\/en\/produit\/nike-superfly-10-club-tf-2\/","title":{"rendered":"Nike Superfly 10 Club TF"},"content":{"rendered":"","protected":false},"excerpt":{"rendered":"<p><strong>D\u00e9tails sur le produit : FQ8317-446<\/strong><\/p>\n<p>Que vous soyez d\u00e9butant ou que vous jouiez simplement pour le plaisir, les chaussures Club vous permettent d&#8217;acc\u00e9der au terrain sans compromis sur la qualit\u00e9. La Superfly 10 est con\u00e7ue pour la vitesse. Alliez vitesse, toucher de balle et confort\u00a0? C&#8217;est le moment de marquer\u00a0!<\/p>\n","protected":false},"featured_media":647677,"template":"","meta":{"_et_pb_use_builder":"","_et_pb_old_content":"","_et_gb_content_width":""},"product_brand":[],"product_cat":[16,84],"product_tag":[],"class_list":{"0":"post-647037","1":"product","2":"type-product","3":"status-publish","4":"has-post-thumbnail","6":"product_cat-souliers-soccer","7":"product_cat-terrain-synthetique","9":"first","10":"instock","11":"featured","12":"taxable","13":"shipping-taxable","14":"purchasable","15":"product-type-variable"},"tiered_pricing_type":"fixed","tiered_pricing_fixed_rules":[],"tiered_pricing_product_settings":{"layout":"default","base_unit_name":{"singular":null,"plural":null},"default_variation":null},"tiered_pricing_minimum_quantity":null,"tiered_pricing_roles_data":[],"tiered_pricing_percentage_rules":[],"_links":{"self":[{"href":"https:\/\/influencesport.ca\/en\/wp-json\/wp\/v2\/product\/647037","targetHints":{"allow":["GET"]}}],"collection":[{"href":"https:\/\/influencesport.ca\/en\/wp-json\/wp\/v2\/product"}],"about":[{"href":"https:\/\/influencesport.ca\/en\/wp-json\/wp\/v2\/types\/product"}],"wp:featuredmedia":[{"embeddable":true,"href":"https:\/\/influencesport.ca\/en\/wp-json\/wp\/v2\/media\/647677"}],"wp:attachment":[{"href":"https:\/\/influencesport.ca\/en\/wp-json\/wp\/v2\/media?parent=647037"}],"wp:term":[{"taxonomy":"product_brand","embeddable":true,"href":"https:\/\/influencesport.ca\/en\/wp-json\/wp\/v2\/product_brand?post=647037"},{"taxonomy":"product_cat","embeddable":true,"href":"https:\/\/influencesport.ca\/en\/wp-json\/wp\/v2\/product_cat?post=647037"},{"taxonomy":"product_tag","embeddable":true,"href":"https:\/\/influencesport.ca\/en\/wp-json\/wp\/v2\/product_tag?post=647037"}],"curies":[{"name":"wp","href":"https:\/\/api.w.org\/{rel}","templated":true}]}}