{"id":646568,"date":"2026-02-21T00:39:21","date_gmt":"2026-02-21T05:39:21","guid":{"rendered":"https:\/\/influencesport.ca\/?post_type=product&#038;p=646568"},"modified":"2026-04-19T13:45:17","modified_gmt":"2026-04-19T17:45:17","slug":"nike-km-jr-superfly-academy-ag","status":"publish","type":"product","link":"https:\/\/influencesport.ca\/en\/produit\/nike-km-jr-superfly-academy-ag\/","title":{"rendered":"Nike KM Jr Superfly Academy AG"},"content":{"rendered":"","protected":false},"excerpt":{"rendered":"<p><strong>D\u00e9tails sur le produit : IO9815-200<\/strong><\/p>\n<p>Inspir\u00e9e par le potentiel illimit\u00e9 de Kylian, cette Superfly 10 Academy vous aide \u00e0 atteindre le v\u00f4tre. Avec un design qui rend hommage \u00e0 l&#8217;une de ses Nike pr\u00e9f\u00e9r\u00e9es, son amorti Air Zoom au talon optimise votre acc\u00e9l\u00e9ration pour vous propulser vers l&#8217;excellence.<\/p>\n","protected":false},"featured_media":647660,"template":"","meta":{"_et_pb_use_builder":"","_et_pb_old_content":"","_et_gb_content_width":""},"product_brand":[],"product_cat":[17,16],"product_tag":[],"class_list":{"0":"post-646568","1":"product","2":"type-product","3":"status-publish","4":"has-post-thumbnail","6":"product_cat-crampons","7":"product_cat-souliers-soccer","9":"first","10":"instock","11":"featured","12":"taxable","13":"shipping-taxable","14":"purchasable","15":"product-type-variable"},"tiered_pricing_type":"fixed","tiered_pricing_fixed_rules":[],"tiered_pricing_product_settings":{"layout":"default","base_unit_name":{"singular":null,"plural":null},"default_variation":null},"tiered_pricing_minimum_quantity":null,"tiered_pricing_roles_data":[],"tiered_pricing_percentage_rules":[],"_links":{"self":[{"href":"https:\/\/influencesport.ca\/en\/wp-json\/wp\/v2\/product\/646568","targetHints":{"allow":["GET"]}}],"collection":[{"href":"https:\/\/influencesport.ca\/en\/wp-json\/wp\/v2\/product"}],"about":[{"href":"https:\/\/influencesport.ca\/en\/wp-json\/wp\/v2\/types\/product"}],"wp:featuredmedia":[{"embeddable":true,"href":"https:\/\/influencesport.ca\/en\/wp-json\/wp\/v2\/media\/647660"}],"wp:attachment":[{"href":"https:\/\/influencesport.ca\/en\/wp-json\/wp\/v2\/media?parent=646568"}],"wp:term":[{"taxonomy":"product_brand","embeddable":true,"href":"https:\/\/influencesport.ca\/en\/wp-json\/wp\/v2\/product_brand?post=646568"},{"taxonomy":"product_cat","embeddable":true,"href":"https:\/\/influencesport.ca\/en\/wp-json\/wp\/v2\/product_cat?post=646568"},{"taxonomy":"product_tag","embeddable":true,"href":"https:\/\/influencesport.ca\/en\/wp-json\/wp\/v2\/product_tag?post=646568"}],"curies":[{"name":"wp","href":"https:\/\/api.w.org\/{rel}","templated":true}]}}