{"id":646533,"date":"2026-02-21T00:36:52","date_gmt":"2026-02-21T05:36:52","guid":{"rendered":"https:\/\/influencesport.ca\/?post_type=product&#038;p=646533"},"modified":"2026-02-27T18:49:09","modified_gmt":"2026-02-27T23:49:09","slug":"nike-km-jr-vapor-16-pro-fg","status":"publish","type":"product","link":"https:\/\/influencesport.ca\/en\/produit\/nike-km-jr-vapor-16-pro-fg\/","title":{"rendered":"Nike KM Jr Vapor 16 Pro FG"},"content":{"rendered":"","protected":false},"excerpt":{"rendered":"<p><strong>D\u00e9tails sur le produit : HF5450-200<\/strong><\/p>\n<p>Vous \u00eates passionn\u00e9 par votre jeu\u00a0? Vous r\u00eavez de courir vite pour marquer des buts comme Kylian Mbapp\u00e9\u00a0? La Jr. Vapor 16 Pro est dot\u00e9e d&#8217;une unit\u00e9 Air Zoom am\u00e9lior\u00e9e au talon pour vous aider \u00e0 exploiter toute votre vitesse. Elle offre aux joueurs passionn\u00e9s la propulsion n\u00e9cessaire pour percer les d\u00e9fenses adverses. Passez au niveau sup\u00e9rieur gr\u00e2ce aux innovations Nike les plus performantes, comme la technologie Flyknit sur l&#8217;empeigne, qui rend la chaussure encore plus l\u00e9g\u00e8re pour un jeu plus rapide.<\/p>\n","protected":false},"featured_media":647611,"template":"","meta":{"_et_pb_use_builder":"","_et_pb_old_content":"","_et_gb_content_width":""},"product_brand":[],"product_cat":[17,16],"product_tag":[],"class_list":{"0":"post-646533","1":"product","2":"type-product","3":"status-publish","4":"has-post-thumbnail","6":"product_cat-crampons","7":"product_cat-souliers-soccer","9":"first","10":"instock","11":"featured","12":"taxable","13":"shipping-taxable","14":"purchasable","15":"product-type-variable"},"tiered_pricing_type":"fixed","tiered_pricing_fixed_rules":[],"tiered_pricing_product_settings":{"layout":"default","base_unit_name":{"singular":null,"plural":null},"default_variation":null},"tiered_pricing_minimum_quantity":null,"tiered_pricing_roles_data":[],"tiered_pricing_percentage_rules":[],"_links":{"self":[{"href":"https:\/\/influencesport.ca\/en\/wp-json\/wp\/v2\/product\/646533","targetHints":{"allow":["GET"]}}],"collection":[{"href":"https:\/\/influencesport.ca\/en\/wp-json\/wp\/v2\/product"}],"about":[{"href":"https:\/\/influencesport.ca\/en\/wp-json\/wp\/v2\/types\/product"}],"wp:featuredmedia":[{"embeddable":true,"href":"https:\/\/influencesport.ca\/en\/wp-json\/wp\/v2\/media\/647611"}],"wp:attachment":[{"href":"https:\/\/influencesport.ca\/en\/wp-json\/wp\/v2\/media?parent=646533"}],"wp:term":[{"taxonomy":"product_brand","embeddable":true,"href":"https:\/\/influencesport.ca\/en\/wp-json\/wp\/v2\/product_brand?post=646533"},{"taxonomy":"product_cat","embeddable":true,"href":"https:\/\/influencesport.ca\/en\/wp-json\/wp\/v2\/product_cat?post=646533"},{"taxonomy":"product_tag","embeddable":true,"href":"https:\/\/influencesport.ca\/en\/wp-json\/wp\/v2\/product_tag?post=646533"}],"curies":[{"name":"wp","href":"https:\/\/api.w.org\/{rel}","templated":true}]}}