{"id":646517,"date":"2026-02-21T00:35:47","date_gmt":"2026-02-21T05:35:47","guid":{"rendered":"https:\/\/influencesport.ca\/?post_type=product&#038;p=646517"},"modified":"2026-04-20T17:11:45","modified_gmt":"2026-04-20T21:11:45","slug":"nike-km-vapor-16-academy-fg-mg","status":"publish","type":"product","link":"https:\/\/influencesport.ca\/en\/produit\/nike-km-vapor-16-academy-fg-mg\/","title":{"rendered":"Nike KM Vapor 16 Academy FG\/MG"},"content":{"rendered":"","protected":false},"excerpt":{"rendered":"<p><strong>D\u00e9tails sur le produit : FQ8377-200<\/strong><\/p>\n<p>Envie de booster votre vitesse\u00a0? Nous avons con\u00e7u ces crampons Academy avec une unit\u00e9 Air Zoom am\u00e9lior\u00e9e au talon. Elle vous offre, ainsi qu&#8217;\u00e0 Kylian Mbapp\u00e9, la propulsion n\u00e9cessaire pour percer les d\u00e9fenses. R\u00e9sultat\u00a0: la Mercurial la plus r\u00e9active jamais cr\u00e9\u00e9e, pour dicter le rythme et le tempo de votre match.<\/p>\n","protected":false},"featured_media":647594,"template":"","meta":{"_et_pb_use_builder":"","_et_pb_old_content":"","_et_gb_content_width":""},"product_brand":[],"product_cat":[17,16],"product_tag":[],"class_list":{"0":"post-646517","1":"product","2":"type-product","3":"status-publish","4":"has-post-thumbnail","6":"product_cat-crampons","7":"product_cat-souliers-soccer","9":"first","10":"instock","11":"featured","12":"taxable","13":"shipping-taxable","14":"purchasable","15":"product-type-variable"},"tiered_pricing_type":"fixed","tiered_pricing_fixed_rules":[],"tiered_pricing_product_settings":{"layout":"default","base_unit_name":{"singular":null,"plural":null},"default_variation":null},"tiered_pricing_minimum_quantity":null,"tiered_pricing_roles_data":[],"tiered_pricing_percentage_rules":[],"_links":{"self":[{"href":"https:\/\/influencesport.ca\/en\/wp-json\/wp\/v2\/product\/646517","targetHints":{"allow":["GET"]}}],"collection":[{"href":"https:\/\/influencesport.ca\/en\/wp-json\/wp\/v2\/product"}],"about":[{"href":"https:\/\/influencesport.ca\/en\/wp-json\/wp\/v2\/types\/product"}],"wp:featuredmedia":[{"embeddable":true,"href":"https:\/\/influencesport.ca\/en\/wp-json\/wp\/v2\/media\/647594"}],"wp:attachment":[{"href":"https:\/\/influencesport.ca\/en\/wp-json\/wp\/v2\/media?parent=646517"}],"wp:term":[{"taxonomy":"product_brand","embeddable":true,"href":"https:\/\/influencesport.ca\/en\/wp-json\/wp\/v2\/product_brand?post=646517"},{"taxonomy":"product_cat","embeddable":true,"href":"https:\/\/influencesport.ca\/en\/wp-json\/wp\/v2\/product_cat?post=646517"},{"taxonomy":"product_tag","embeddable":true,"href":"https:\/\/influencesport.ca\/en\/wp-json\/wp\/v2\/product_tag?post=646517"}],"curies":[{"name":"wp","href":"https:\/\/api.w.org\/{rel}","templated":true}]}}