{"id":646499,"date":"2026-02-21T00:35:04","date_gmt":"2026-02-21T05:35:04","guid":{"rendered":"https:\/\/influencesport.ca\/?post_type=product&#038;p=646499"},"modified":"2026-03-12T18:10:22","modified_gmt":"2026-03-12T22:10:22","slug":"nike-km-superfly-10-academy-tf","status":"publish","type":"product","link":"https:\/\/influencesport.ca\/en\/produit\/nike-km-superfly-10-academy-tf\/","title":{"rendered":"Nike KM Superfly 10 Academy TF"},"content":{"rendered":"","protected":false},"excerpt":{"rendered":"<p><strong>D\u00e9tails sur le produit : FQ8333-200<\/strong><\/p>\n<p>Envie de passer \u00e0 la vitesse sup\u00e9rieure\u00a0? Nous avons con\u00e7u ces chaussures Academy avec une unit\u00e9 Air Zoom am\u00e9lior\u00e9e au talon. Elle vous offre, ainsi qu&#8217;\u00e0 Kylian Mbapp\u00e9, la propulsion n\u00e9cessaire pour percer les d\u00e9fenses. Le r\u00e9sultat\u00a0? La Mercurial la plus r\u00e9active jamais cr\u00e9\u00e9e, pour vous permettre de dicter le rythme et le tempo tout au long du match.<\/p>\n","protected":false},"featured_media":647577,"template":"","meta":{"_et_pb_use_builder":"","_et_pb_old_content":"","_et_gb_content_width":""},"product_brand":[],"product_cat":[16,84],"product_tag":[],"class_list":{"0":"post-646499","1":"product","2":"type-product","3":"status-publish","4":"has-post-thumbnail","6":"product_cat-souliers-soccer","7":"product_cat-terrain-synthetique","9":"first","10":"instock","11":"featured","12":"taxable","13":"shipping-taxable","14":"purchasable","15":"product-type-variable"},"tiered_pricing_type":"fixed","tiered_pricing_fixed_rules":[],"tiered_pricing_product_settings":{"layout":"default","base_unit_name":{"singular":null,"plural":null},"default_variation":null},"tiered_pricing_minimum_quantity":null,"tiered_pricing_roles_data":[],"tiered_pricing_percentage_rules":[],"_links":{"self":[{"href":"https:\/\/influencesport.ca\/en\/wp-json\/wp\/v2\/product\/646499","targetHints":{"allow":["GET"]}}],"collection":[{"href":"https:\/\/influencesport.ca\/en\/wp-json\/wp\/v2\/product"}],"about":[{"href":"https:\/\/influencesport.ca\/en\/wp-json\/wp\/v2\/types\/product"}],"wp:featuredmedia":[{"embeddable":true,"href":"https:\/\/influencesport.ca\/en\/wp-json\/wp\/v2\/media\/647577"}],"wp:attachment":[{"href":"https:\/\/influencesport.ca\/en\/wp-json\/wp\/v2\/media?parent=646499"}],"wp:term":[{"taxonomy":"product_brand","embeddable":true,"href":"https:\/\/influencesport.ca\/en\/wp-json\/wp\/v2\/product_brand?post=646499"},{"taxonomy":"product_cat","embeddable":true,"href":"https:\/\/influencesport.ca\/en\/wp-json\/wp\/v2\/product_cat?post=646499"},{"taxonomy":"product_tag","embeddable":true,"href":"https:\/\/influencesport.ca\/en\/wp-json\/wp\/v2\/product_tag?post=646499"}],"curies":[{"name":"wp","href":"https:\/\/api.w.org\/{rel}","templated":true}]}}