{"id":645879,"date":"2026-02-14T02:04:03","date_gmt":"2026-02-14T07:04:03","guid":{"rendered":"https:\/\/influencesport.ca\/?post_type=product&#038;p=645879"},"modified":"2026-04-12T10:55:39","modified_gmt":"2026-04-12T14:55:39","slug":"nike-tiempo-maestro-elite-fg-le","status":"publish","type":"product","link":"https:\/\/influencesport.ca\/en\/produit\/nike-tiempo-maestro-elite-fg-le\/","title":{"rendered":"Nike Tiempo Maestro Elite FG LE"},"content":{"rendered":"","protected":false},"excerpt":{"rendered":"<p><strong>Crampons Nike Tiempo Maestro Elite FG<\/strong><\/p>\n<p>Toucher ultra-doux<\/p>\n<p>L&#8217;empeigne en TechLeather, plac\u00e9e strat\u00e9giquement pour des dribbles cr\u00e9atifs, est un mat\u00e9riau ultra-doux. Elle offre un toucher plus pr\u00e9cis et constant que le cuir naturel, par temps sec ou humide. Ses lignes moul\u00e9es optimisent la sensation tactile.<\/p>\n<p>Ajustement parfait<br \/>\nL&#8217;empeigne en TechLeather \u00e9pouse la forme du pied pour un confort optimal. La plaque Maestro360, situ\u00e9e \u00e0 l&#8217;avant et \u00e0 l&#8217;arri\u00e8re du pied, permet au cuir synth\u00e9tique de l&#8217;empeigne d&#8217;envelopper la vo\u00fbte plantaire pour un maintien encore plus pr\u00e9cis.<\/p>\n<p>Adh\u00e9rence optimale sur le terrain<br \/>\nLes crampons \u00e0 lames sur la semelle ext\u00e9rieure, au talon et \u00e0 l&#8217;avant-pied, assurent une adh\u00e9rence maximale. Les crampons coniques torsad\u00e9s facilitent les appuis et les pivots.<\/p>\n<p>Plus de d\u00e9tails<br \/>\n\u2022 Con\u00e7ue pour les terrains en gazon naturel sec<\/p>\n<p>\u2022 Semelle int\u00e9rieure rembourr\u00e9e<\/p>\n","protected":false},"featured_media":645908,"template":"","meta":{"_et_pb_use_builder":"","_et_pb_old_content":"","_et_gb_content_width":""},"product_brand":[],"product_cat":[17,16],"product_tag":[],"class_list":{"0":"post-645879","1":"product","2":"type-product","3":"status-publish","4":"has-post-thumbnail","6":"product_cat-crampons","7":"product_cat-souliers-soccer","9":"first","10":"instock","11":"featured","12":"taxable","13":"shipping-taxable","14":"purchasable","15":"product-type-variable"},"tiered_pricing_type":"fixed","tiered_pricing_fixed_rules":[],"tiered_pricing_product_settings":{"layout":"default","base_unit_name":{"singular":null,"plural":null},"default_variation":null},"tiered_pricing_minimum_quantity":null,"tiered_pricing_roles_data":[],"tiered_pricing_percentage_rules":[],"_links":{"self":[{"href":"https:\/\/influencesport.ca\/en\/wp-json\/wp\/v2\/product\/645879","targetHints":{"allow":["GET"]}}],"collection":[{"href":"https:\/\/influencesport.ca\/en\/wp-json\/wp\/v2\/product"}],"about":[{"href":"https:\/\/influencesport.ca\/en\/wp-json\/wp\/v2\/types\/product"}],"wp:featuredmedia":[{"embeddable":true,"href":"https:\/\/influencesport.ca\/en\/wp-json\/wp\/v2\/media\/645908"}],"wp:attachment":[{"href":"https:\/\/influencesport.ca\/en\/wp-json\/wp\/v2\/media?parent=645879"}],"wp:term":[{"taxonomy":"product_brand","embeddable":true,"href":"https:\/\/influencesport.ca\/en\/wp-json\/wp\/v2\/product_brand?post=645879"},{"taxonomy":"product_cat","embeddable":true,"href":"https:\/\/influencesport.ca\/en\/wp-json\/wp\/v2\/product_cat?post=645879"},{"taxonomy":"product_tag","embeddable":true,"href":"https:\/\/influencesport.ca\/en\/wp-json\/wp\/v2\/product_tag?post=645879"}],"curies":[{"name":"wp","href":"https:\/\/api.w.org\/{rel}","templated":true}]}}