{"id":645677,"date":"2026-02-12T01:55:23","date_gmt":"2026-02-12T06:55:23","guid":{"rendered":"https:\/\/influencesport.ca\/?post_type=product&#038;p=645677"},"modified":"2026-03-13T12:36:15","modified_gmt":"2026-03-13T16:36:15","slug":"nike-jr-phantom-6-low-pro-fg","status":"publish","type":"product","link":"https:\/\/influencesport.ca\/en\/produit\/nike-jr-phantom-6-low-pro-fg\/","title":{"rendered":"Nike JR Phantom 6 Low Pro FG"},"content":{"rendered":"","protected":false},"excerpt":{"rendered":"<p><strong>D\u00e9tails sur le produit : HM9204-446<\/strong><\/p>\n<p>Transformez vos occasions manqu\u00e9es en r\u00e9ussites avec la Phantom 6 Pro. Elle optimise votre pr\u00e9cision gr\u00e2ce aux mat\u00e9riaux adh\u00e9rents VNMSkin et Flyknit, qui rapprochent votre pied du ballon pour des frappes nettes et une pr\u00e9cision in\u00e9gal\u00e9e.<\/p>\n","protected":false},"featured_media":647324,"template":"","meta":{"_et_pb_use_builder":"","_et_pb_old_content":"","_et_gb_content_width":""},"product_brand":[],"product_cat":[17,16],"product_tag":[],"class_list":{"0":"post-645677","1":"product","2":"type-product","3":"status-publish","4":"has-post-thumbnail","6":"product_cat-crampons","7":"product_cat-souliers-soccer","9":"first","10":"instock","11":"featured","12":"taxable","13":"shipping-taxable","14":"purchasable","15":"product-type-variable"},"tiered_pricing_type":"fixed","tiered_pricing_fixed_rules":[],"tiered_pricing_product_settings":{"layout":"default","base_unit_name":{"singular":null,"plural":null},"default_variation":null},"tiered_pricing_minimum_quantity":null,"tiered_pricing_roles_data":[],"tiered_pricing_percentage_rules":[],"_links":{"self":[{"href":"https:\/\/influencesport.ca\/en\/wp-json\/wp\/v2\/product\/645677","targetHints":{"allow":["GET"]}}],"collection":[{"href":"https:\/\/influencesport.ca\/en\/wp-json\/wp\/v2\/product"}],"about":[{"href":"https:\/\/influencesport.ca\/en\/wp-json\/wp\/v2\/types\/product"}],"wp:featuredmedia":[{"embeddable":true,"href":"https:\/\/influencesport.ca\/en\/wp-json\/wp\/v2\/media\/647324"}],"wp:attachment":[{"href":"https:\/\/influencesport.ca\/en\/wp-json\/wp\/v2\/media?parent=645677"}],"wp:term":[{"taxonomy":"product_brand","embeddable":true,"href":"https:\/\/influencesport.ca\/en\/wp-json\/wp\/v2\/product_brand?post=645677"},{"taxonomy":"product_cat","embeddable":true,"href":"https:\/\/influencesport.ca\/en\/wp-json\/wp\/v2\/product_cat?post=645677"},{"taxonomy":"product_tag","embeddable":true,"href":"https:\/\/influencesport.ca\/en\/wp-json\/wp\/v2\/product_tag?post=645677"}],"curies":[{"name":"wp","href":"https:\/\/api.w.org\/{rel}","templated":true}]}}