{"id":645512,"date":"2026-02-12T01:50:18","date_gmt":"2026-02-12T06:50:18","guid":{"rendered":"https:\/\/influencesport.ca\/?post_type=product&#038;p=645512"},"modified":"2026-02-27T18:49:49","modified_gmt":"2026-02-27T23:49:49","slug":"nike-jr-superfly-10-academy-ag","status":"publish","type":"product","link":"https:\/\/influencesport.ca\/en\/produit\/nike-jr-superfly-10-academy-ag\/","title":{"rendered":"Nike JR Superfly 10 Academy AG"},"content":{"rendered":"","protected":false},"excerpt":{"rendered":"<p><strong>D\u00e9tails sur le produit : FQ8308-446<\/strong><\/p>\n<ul>\n<li><span dir=\"auto\">Ajustement parfait<\/span><\/li>\n<li><span dir=\"auto\">Empeigne NikeSkin<\/span><\/li>\n<li><span dir=\"auto\">languettes \u00e0 tirer<\/span><\/li>\n<li><span dir=\"auto\">Le col Dynamic Fit enveloppe votre cheville dans un tissu doux et extensible pour une sensation de s\u00e9curit\u00e9.<\/span><\/li>\n<li><span dir=\"auto\">Le motif de traction ondul\u00e9 est constitu\u00e9 d&#8217;une s\u00e9rie de crampons en cascade, ce qui permet d&#8217;engager une plus grande surface de l&#8217;unit\u00e9 Air Zoom tout en offrant le niveau d&#8217;adh\u00e9rence appropri\u00e9.<\/span><\/li>\n<li><span dir=\"auto\">Pour une utilisation sur des surfaces en gazon artificiel plus longues<\/span><\/li>\n<li><span dir=\"auto\">Couleur du produit : Bleu course \/ Blanc \/ Rose<\/span><\/li>\n<\/ul>\n","protected":false},"featured_media":646932,"template":"","meta":{"_et_pb_use_builder":"","_et_pb_old_content":"","_et_gb_content_width":""},"product_brand":[],"product_cat":[17,16],"product_tag":[],"class_list":{"0":"post-645512","1":"product","2":"type-product","3":"status-publish","4":"has-post-thumbnail","6":"product_cat-crampons","7":"product_cat-souliers-soccer","9":"first","10":"instock","11":"featured","12":"taxable","13":"shipping-taxable","14":"purchasable","15":"product-type-variable"},"tiered_pricing_type":"fixed","tiered_pricing_fixed_rules":[],"tiered_pricing_product_settings":{"layout":"default","base_unit_name":{"singular":null,"plural":null},"default_variation":null},"tiered_pricing_minimum_quantity":null,"tiered_pricing_roles_data":[],"tiered_pricing_percentage_rules":[],"_links":{"self":[{"href":"https:\/\/influencesport.ca\/en\/wp-json\/wp\/v2\/product\/645512","targetHints":{"allow":["GET"]}}],"collection":[{"href":"https:\/\/influencesport.ca\/en\/wp-json\/wp\/v2\/product"}],"about":[{"href":"https:\/\/influencesport.ca\/en\/wp-json\/wp\/v2\/types\/product"}],"wp:featuredmedia":[{"embeddable":true,"href":"https:\/\/influencesport.ca\/en\/wp-json\/wp\/v2\/media\/646932"}],"wp:attachment":[{"href":"https:\/\/influencesport.ca\/en\/wp-json\/wp\/v2\/media?parent=645512"}],"wp:term":[{"taxonomy":"product_brand","embeddable":true,"href":"https:\/\/influencesport.ca\/en\/wp-json\/wp\/v2\/product_brand?post=645512"},{"taxonomy":"product_cat","embeddable":true,"href":"https:\/\/influencesport.ca\/en\/wp-json\/wp\/v2\/product_cat?post=645512"},{"taxonomy":"product_tag","embeddable":true,"href":"https:\/\/influencesport.ca\/en\/wp-json\/wp\/v2\/product_tag?post=645512"}],"curies":[{"name":"wp","href":"https:\/\/api.w.org\/{rel}","templated":true}]}}