{"id":645497,"date":"2026-02-12T01:49:50","date_gmt":"2026-02-12T06:49:50","guid":{"rendered":"https:\/\/influencesport.ca\/?post_type=product&#038;p=645497"},"modified":"2026-04-17T17:36:16","modified_gmt":"2026-04-17T21:36:16","slug":"nike-superfly-10-academy-fg-mg","status":"publish","type":"product","link":"https:\/\/influencesport.ca\/en\/produit\/nike-superfly-10-academy-fg-mg\/","title":{"rendered":"Nike Superfly 10 Academy FG\/MG"},"content":{"rendered":"","protected":false},"excerpt":{"rendered":"<p><strong>D\u00e9tails sur le produit : FQ1456-446<\/strong><\/p>\n<ul class=\"mb-0\">\n<li class=\"specification-attributes-row\">\n<div><span dir=\"auto\">Empeigne : mesh et NikeSkin offrant une excellente adh\u00e9rence et un toucher de balle exceptionnel, pour une sensation seconde peau.<\/span><\/div>\n<\/li>\n<li class=\"specification-attributes-row\">\n<div><span dir=\"auto\">Col Dynamic Fit pour un maintien optimal de la cheville<\/span><\/div>\n<\/li>\n<li class=\"specification-attributes-row\">\n<div><span dir=\"auto\">Semelle int\u00e9rieure rembourr\u00e9e<\/span><\/div>\n<\/li>\n<li class=\"specification-attributes-row\">\n<div><span dir=\"auto\">Semelle interm\u00e9diaire : Unit\u00e9 Air Zoom pour une r\u00e9activit\u00e9 et un retour d&#8217;\u00e9nergie am\u00e9lior\u00e9s<\/span><\/div>\n<\/li>\n<li class=\"specification-attributes-row\">\n<div><span dir=\"auto\">Semelle ext\u00e9rieure : motif de traction ondul\u00e9 unique offrant une adh\u00e9rence exceptionnelle avec un d\u00e9gagement rapide et une grande flexibilit\u00e9 de pivotement, con\u00e7ue pour une utilisation sur surfaces naturelles et synth\u00e9tiques.<\/span><\/div>\n<\/li>\n<\/ul>\n","protected":false},"featured_media":646918,"template":"","meta":{"_et_pb_use_builder":"","_et_pb_old_content":"","_et_gb_content_width":""},"product_brand":[],"product_cat":[17,16],"product_tag":[],"class_list":{"0":"post-645497","1":"product","2":"type-product","3":"status-publish","4":"has-post-thumbnail","6":"product_cat-crampons","7":"product_cat-souliers-soccer","9":"first","10":"instock","11":"featured","12":"taxable","13":"shipping-taxable","14":"purchasable","15":"product-type-variable"},"tiered_pricing_type":"fixed","tiered_pricing_fixed_rules":[],"tiered_pricing_product_settings":{"layout":"default","base_unit_name":{"singular":null,"plural":null},"default_variation":null},"tiered_pricing_minimum_quantity":null,"tiered_pricing_roles_data":[],"tiered_pricing_percentage_rules":[],"_links":{"self":[{"href":"https:\/\/influencesport.ca\/en\/wp-json\/wp\/v2\/product\/645497","targetHints":{"allow":["GET"]}}],"collection":[{"href":"https:\/\/influencesport.ca\/en\/wp-json\/wp\/v2\/product"}],"about":[{"href":"https:\/\/influencesport.ca\/en\/wp-json\/wp\/v2\/types\/product"}],"wp:featuredmedia":[{"embeddable":true,"href":"https:\/\/influencesport.ca\/en\/wp-json\/wp\/v2\/media\/646918"}],"wp:attachment":[{"href":"https:\/\/influencesport.ca\/en\/wp-json\/wp\/v2\/media?parent=645497"}],"wp:term":[{"taxonomy":"product_brand","embeddable":true,"href":"https:\/\/influencesport.ca\/en\/wp-json\/wp\/v2\/product_brand?post=645497"},{"taxonomy":"product_cat","embeddable":true,"href":"https:\/\/influencesport.ca\/en\/wp-json\/wp\/v2\/product_cat?post=645497"},{"taxonomy":"product_tag","embeddable":true,"href":"https:\/\/influencesport.ca\/en\/wp-json\/wp\/v2\/product_tag?post=645497"}],"curies":[{"name":"wp","href":"https:\/\/api.w.org\/{rel}","templated":true}]}}