{"id":645322,"date":"2026-02-17T01:47:15","date_gmt":"2026-02-17T06:47:15","guid":{"rendered":"https:\/\/influencesport.ca\/?post_type=product&#038;p=645322"},"modified":"2026-03-21T10:54:12","modified_gmt":"2026-03-21T14:54:12","slug":"adidas-f50-messi-league-fg-mg-3","status":"publish","type":"product","link":"https:\/\/influencesport.ca\/en\/produit\/adidas-f50-messi-league-fg-mg-3\/","title":{"rendered":"Adidas F50 Messi League FG\/MG"},"content":{"rendered":"","protected":false},"excerpt":{"rendered":"<p><strong>D\u00e9tails sur le produit : JQ0954<\/strong><\/p>\n<p>D\u00e9couvrez une vitesse r\u00e9volutionnaire avec les chaussures de football F50 Messi League pour terrains fermes et multi-surfaces. Con\u00e7ues selon les pr\u00e9f\u00e9rences de Messi, elles offrent une sensation de l\u00e9g\u00e8ret\u00e9 et de douceur gr\u00e2ce \u00e0 leur empeigne Hybridtouch. La languette tunnel adaptable assure un maintien optimal, tandis que la semelle ext\u00e9rieure l\u00e9g\u00e8re Sprintplate 360 \u200b\u200bgarantit une adh\u00e9rence maximale sur toutes les surfaces.<\/p>\n","protected":false},"featured_media":645779,"template":"","meta":{"_et_pb_use_builder":"","_et_pb_old_content":"","_et_gb_content_width":""},"product_brand":[],"product_cat":[17,16],"product_tag":[],"class_list":{"0":"post-645322","1":"product","2":"type-product","3":"status-publish","4":"has-post-thumbnail","6":"product_cat-crampons","7":"product_cat-souliers-soccer","9":"first","10":"instock","11":"featured","12":"taxable","13":"shipping-taxable","14":"purchasable","15":"product-type-variable"},"tiered_pricing_type":"fixed","tiered_pricing_fixed_rules":[],"tiered_pricing_product_settings":{"layout":"default","base_unit_name":{"singular":null,"plural":null},"default_variation":null},"tiered_pricing_minimum_quantity":null,"tiered_pricing_roles_data":[],"tiered_pricing_percentage_rules":[],"_links":{"self":[{"href":"https:\/\/influencesport.ca\/en\/wp-json\/wp\/v2\/product\/645322","targetHints":{"allow":["GET"]}}],"collection":[{"href":"https:\/\/influencesport.ca\/en\/wp-json\/wp\/v2\/product"}],"about":[{"href":"https:\/\/influencesport.ca\/en\/wp-json\/wp\/v2\/types\/product"}],"wp:featuredmedia":[{"embeddable":true,"href":"https:\/\/influencesport.ca\/en\/wp-json\/wp\/v2\/media\/645779"}],"wp:attachment":[{"href":"https:\/\/influencesport.ca\/en\/wp-json\/wp\/v2\/media?parent=645322"}],"wp:term":[{"taxonomy":"product_brand","embeddable":true,"href":"https:\/\/influencesport.ca\/en\/wp-json\/wp\/v2\/product_brand?post=645322"},{"taxonomy":"product_cat","embeddable":true,"href":"https:\/\/influencesport.ca\/en\/wp-json\/wp\/v2\/product_cat?post=645322"},{"taxonomy":"product_tag","embeddable":true,"href":"https:\/\/influencesport.ca\/en\/wp-json\/wp\/v2\/product_tag?post=645322"}],"curies":[{"name":"wp","href":"https:\/\/api.w.org\/{rel}","templated":true}]}}