{"id":645310,"date":"2026-02-17T01:46:53","date_gmt":"2026-02-17T06:46:53","guid":{"rendered":"https:\/\/influencesport.ca\/?post_type=product&#038;p=645310"},"modified":"2026-04-06T11:56:33","modified_gmt":"2026-04-06T15:56:33","slug":"adidas-f50-messi-club-fg-mg-j-2","status":"publish","type":"product","link":"https:\/\/influencesport.ca\/en\/produit\/adidas-f50-messi-club-fg-mg-j-2\/","title":{"rendered":"Adidas F50 Messi Club FG\/MG J"},"content":{"rendered":"","protected":false},"excerpt":{"rendered":"<p><strong>D\u00e9tails sur le produit : JQ0950<\/strong><\/p>\n<p>D\u00e9couvrez une vitesse r\u00e9volutionnaire avec les chaussures de football F50 Messi Club pour enfants, con\u00e7ues pour terrains naturels et synth\u00e9tiques. Adapt\u00e9es aux pr\u00e9f\u00e9rences de Messi, ces chaussures sont pens\u00e9es pour les joueurs exigeants en mati\u00e8re de vitesse et d&#8217;agilit\u00e9. Dot\u00e9es d&#8217;une languette synth\u00e9tique l\u00e9g\u00e8re et perfor\u00e9e pour une meilleure a\u00e9ration et d&#8217;une tige synth\u00e9tique souple offrant un maintien optimal, elles assurent un la\u00e7age s\u00fbr. Id\u00e9ales pour les jeunes joueurs pr\u00eats \u00e0 conqu\u00e9rir tous les terrains en toute confiance.<\/p>\n","protected":false},"featured_media":645766,"template":"","meta":{"_et_pb_use_builder":"","_et_pb_old_content":"","_et_gb_content_width":""},"product_brand":[],"product_cat":[17,16],"product_tag":[],"class_list":{"0":"post-645310","1":"product","2":"type-product","3":"status-publish","4":"has-post-thumbnail","6":"product_cat-crampons","7":"product_cat-souliers-soccer","9":"first","10":"instock","11":"featured","12":"taxable","13":"shipping-taxable","14":"purchasable","15":"product-type-variable"},"tiered_pricing_type":"fixed","tiered_pricing_fixed_rules":[],"tiered_pricing_product_settings":{"layout":"default","base_unit_name":{"singular":null,"plural":null},"default_variation":null},"tiered_pricing_minimum_quantity":null,"tiered_pricing_roles_data":[],"tiered_pricing_percentage_rules":[],"_links":{"self":[{"href":"https:\/\/influencesport.ca\/en\/wp-json\/wp\/v2\/product\/645310","targetHints":{"allow":["GET"]}}],"collection":[{"href":"https:\/\/influencesport.ca\/en\/wp-json\/wp\/v2\/product"}],"about":[{"href":"https:\/\/influencesport.ca\/en\/wp-json\/wp\/v2\/types\/product"}],"wp:featuredmedia":[{"embeddable":true,"href":"https:\/\/influencesport.ca\/en\/wp-json\/wp\/v2\/media\/645766"}],"wp:attachment":[{"href":"https:\/\/influencesport.ca\/en\/wp-json\/wp\/v2\/media?parent=645310"}],"wp:term":[{"taxonomy":"product_brand","embeddable":true,"href":"https:\/\/influencesport.ca\/en\/wp-json\/wp\/v2\/product_brand?post=645310"},{"taxonomy":"product_cat","embeddable":true,"href":"https:\/\/influencesport.ca\/en\/wp-json\/wp\/v2\/product_cat?post=645310"},{"taxonomy":"product_tag","embeddable":true,"href":"https:\/\/influencesport.ca\/en\/wp-json\/wp\/v2\/product_tag?post=645310"}],"curies":[{"name":"wp","href":"https:\/\/api.w.org\/{rel}","templated":true}]}}