{"id":645300,"date":"2026-02-17T01:46:36","date_gmt":"2026-02-17T06:46:36","guid":{"rendered":"https:\/\/influencesport.ca\/?post_type=product&#038;p=645300"},"modified":"2026-04-11T12:27:11","modified_gmt":"2026-04-11T16:27:11","slug":"adidas-f50-messi-league-fg-mg-j-2","status":"publish","type":"product","link":"https:\/\/influencesport.ca\/en\/produit\/adidas-f50-messi-league-fg-mg-j-2\/","title":{"rendered":"Adidas F50 Messi League FG\/MG J"},"content":{"rendered":"","protected":false},"excerpt":{"rendered":"<p><strong>D\u00e9tails sur le produit : JQ0942<\/strong><\/p>\n<p>D\u00e9couvrez une vitesse r\u00e9volutionnaire avec les chaussures de football F50 Messi League pour enfants, con\u00e7ues pour terrains fermes et vari\u00e9s. Adapt\u00e9es aux pr\u00e9f\u00e9rences de Messi, ces chaussures sont pens\u00e9es pour les joueurs exigeants en mati\u00e8re de vitesse et d&#8217;agilit\u00e9. Dot\u00e9es d&#8217;une languette synth\u00e9tique l\u00e9g\u00e8re et perfor\u00e9e pour une respirabilit\u00e9 optimale et d&#8217;une tige hybride offrant un toucher de balle exceptionnel pour un confort accru, elles assurent un maintien s\u00fbr gr\u00e2ce \u00e0 leur fermeture \u00e0 lacets. Con\u00e7ues pour une adh\u00e9rence optimale sur tous types de terrains, ces chaussures sont parfaites pour les jeunes talents pr\u00eats \u00e0 briller.<\/p>\n","protected":false},"featured_media":645752,"template":"","meta":{"_et_pb_use_builder":"","_et_pb_old_content":"","_et_gb_content_width":""},"product_brand":[],"product_cat":[17,16],"product_tag":[],"class_list":{"0":"post-645300","1":"product","2":"type-product","3":"status-publish","4":"has-post-thumbnail","6":"product_cat-crampons","7":"product_cat-souliers-soccer","9":"first","10":"instock","11":"featured","12":"taxable","13":"shipping-taxable","14":"purchasable","15":"product-type-variable"},"tiered_pricing_type":"fixed","tiered_pricing_fixed_rules":[],"tiered_pricing_product_settings":{"layout":"default","base_unit_name":{"singular":null,"plural":null},"default_variation":null},"tiered_pricing_minimum_quantity":null,"tiered_pricing_roles_data":[],"tiered_pricing_percentage_rules":[],"_links":{"self":[{"href":"https:\/\/influencesport.ca\/en\/wp-json\/wp\/v2\/product\/645300","targetHints":{"allow":["GET"]}}],"collection":[{"href":"https:\/\/influencesport.ca\/en\/wp-json\/wp\/v2\/product"}],"about":[{"href":"https:\/\/influencesport.ca\/en\/wp-json\/wp\/v2\/types\/product"}],"wp:featuredmedia":[{"embeddable":true,"href":"https:\/\/influencesport.ca\/en\/wp-json\/wp\/v2\/media\/645752"}],"wp:attachment":[{"href":"https:\/\/influencesport.ca\/en\/wp-json\/wp\/v2\/media?parent=645300"}],"wp:term":[{"taxonomy":"product_brand","embeddable":true,"href":"https:\/\/influencesport.ca\/en\/wp-json\/wp\/v2\/product_brand?post=645300"},{"taxonomy":"product_cat","embeddable":true,"href":"https:\/\/influencesport.ca\/en\/wp-json\/wp\/v2\/product_cat?post=645300"},{"taxonomy":"product_tag","embeddable":true,"href":"https:\/\/influencesport.ca\/en\/wp-json\/wp\/v2\/product_tag?post=645300"}],"curies":[{"name":"wp","href":"https:\/\/api.w.org\/{rel}","templated":true}]}}