{"id":643924,"date":"2026-02-06T01:43:41","date_gmt":"2026-02-06T06:43:41","guid":{"rendered":"https:\/\/influencesport.ca\/?post_type=product&#038;p=643924"},"modified":"2026-04-02T17:32:59","modified_gmt":"2026-04-02T21:32:59","slug":"nike-jr-superfly-10-academy-fg-mg","status":"publish","type":"product","link":"https:\/\/influencesport.ca\/en\/produit\/nike-jr-superfly-10-academy-fg-mg\/","title":{"rendered":"Nike Jr Superfly 10 Academy FG\/MG"},"content":{"rendered":"","protected":false},"excerpt":{"rendered":"<p><strong>D\u00e9tails sur le produit : FQ8304-446<\/strong><\/p>\n<p>Envie de booster votre vitesse\u00a0? Nous avons con\u00e7u ces crampons Academy avec une unit\u00e9 Air Zoom am\u00e9lior\u00e9e au talon. Elle vous offre la propulsion n\u00e9cessaire pour percer les d\u00e9fenses adverses. R\u00e9sultat\u00a0: la Mercurial la plus r\u00e9active jamais cr\u00e9\u00e9e, pour exprimer tout votre potentiel et marquer des buts.<\/p>\n","protected":false},"featured_media":645188,"template":"","meta":{"_et_pb_use_builder":"","_et_pb_old_content":"","_et_gb_content_width":""},"product_brand":[],"product_cat":[17,16],"product_tag":[],"class_list":{"0":"post-643924","1":"product","2":"type-product","3":"status-publish","4":"has-post-thumbnail","6":"product_cat-crampons","7":"product_cat-souliers-soccer","9":"first","10":"instock","11":"featured","12":"taxable","13":"shipping-taxable","14":"purchasable","15":"product-type-variable"},"tiered_pricing_type":"fixed","tiered_pricing_fixed_rules":[],"tiered_pricing_product_settings":{"layout":"default","base_unit_name":{"singular":null,"plural":null},"default_variation":null},"tiered_pricing_minimum_quantity":null,"tiered_pricing_roles_data":[],"tiered_pricing_percentage_rules":[],"_links":{"self":[{"href":"https:\/\/influencesport.ca\/en\/wp-json\/wp\/v2\/product\/643924","targetHints":{"allow":["GET"]}}],"collection":[{"href":"https:\/\/influencesport.ca\/en\/wp-json\/wp\/v2\/product"}],"about":[{"href":"https:\/\/influencesport.ca\/en\/wp-json\/wp\/v2\/types\/product"}],"wp:featuredmedia":[{"embeddable":true,"href":"https:\/\/influencesport.ca\/en\/wp-json\/wp\/v2\/media\/645188"}],"wp:attachment":[{"href":"https:\/\/influencesport.ca\/en\/wp-json\/wp\/v2\/media?parent=643924"}],"wp:term":[{"taxonomy":"product_brand","embeddable":true,"href":"https:\/\/influencesport.ca\/en\/wp-json\/wp\/v2\/product_brand?post=643924"},{"taxonomy":"product_cat","embeddable":true,"href":"https:\/\/influencesport.ca\/en\/wp-json\/wp\/v2\/product_cat?post=643924"},{"taxonomy":"product_tag","embeddable":true,"href":"https:\/\/influencesport.ca\/en\/wp-json\/wp\/v2\/product_tag?post=643924"}],"curies":[{"name":"wp","href":"https:\/\/api.w.org\/{rel}","templated":true}]}}