{"id":643159,"date":"2026-02-09T01:46:25","date_gmt":"2026-02-09T06:46:25","guid":{"rendered":"https:\/\/influencesport.ca\/?post_type=product&#038;p=643159"},"modified":"2026-04-08T16:08:36","modified_gmt":"2026-04-08T20:08:36","slug":"nike-jr-phantom-6-low-academy-fg-mg-ap","status":"publish","type":"product","link":"https:\/\/influencesport.ca\/en\/produit\/nike-jr-phantom-6-low-academy-fg-mg-ap\/","title":{"rendered":"Nike Jr Phantom 6 Low Academy FG\/MG AP"},"content":{"rendered":"","protected":false},"excerpt":{"rendered":"<p><strong>D\u00e9tails sur le produit : IF6944-600<\/strong><\/p>\n<p>Du haut de son tr\u00f4ne, Alexia a une vue imprenable. Pour que vous puissiez dominer le terrain comme elle, la Phantom 6 Academy est \u00e9quip\u00e9e d&#8217;une zone de contact NikeSkin et d&#8217;une plaque de traction Cyclone 360. Cette combinaison vous offre la ma\u00eetrise de chaque instant, car que serait une reine sans contr\u00f4le\u00a0?<\/p>\n","protected":false},"featured_media":643763,"template":"","meta":{"_et_pb_use_builder":"","_et_pb_old_content":"","_et_gb_content_width":""},"product_brand":[],"product_cat":[17,16],"product_tag":[],"class_list":{"0":"post-643159","1":"product","2":"type-product","3":"status-publish","4":"has-post-thumbnail","6":"product_cat-crampons","7":"product_cat-souliers-soccer","9":"first","10":"instock","11":"featured","12":"taxable","13":"shipping-taxable","14":"purchasable","15":"product-type-variable"},"tiered_pricing_type":"fixed","tiered_pricing_fixed_rules":[],"tiered_pricing_product_settings":{"layout":"default","base_unit_name":{"singular":null,"plural":null},"default_variation":null},"tiered_pricing_minimum_quantity":null,"tiered_pricing_roles_data":[],"tiered_pricing_percentage_rules":[],"_links":{"self":[{"href":"https:\/\/influencesport.ca\/en\/wp-json\/wp\/v2\/product\/643159","targetHints":{"allow":["GET"]}}],"collection":[{"href":"https:\/\/influencesport.ca\/en\/wp-json\/wp\/v2\/product"}],"about":[{"href":"https:\/\/influencesport.ca\/en\/wp-json\/wp\/v2\/types\/product"}],"wp:featuredmedia":[{"embeddable":true,"href":"https:\/\/influencesport.ca\/en\/wp-json\/wp\/v2\/media\/643763"}],"wp:attachment":[{"href":"https:\/\/influencesport.ca\/en\/wp-json\/wp\/v2\/media?parent=643159"}],"wp:term":[{"taxonomy":"product_brand","embeddable":true,"href":"https:\/\/influencesport.ca\/en\/wp-json\/wp\/v2\/product_brand?post=643159"},{"taxonomy":"product_cat","embeddable":true,"href":"https:\/\/influencesport.ca\/en\/wp-json\/wp\/v2\/product_cat?post=643159"},{"taxonomy":"product_tag","embeddable":true,"href":"https:\/\/influencesport.ca\/en\/wp-json\/wp\/v2\/product_tag?post=643159"}],"curies":[{"name":"wp","href":"https:\/\/api.w.org\/{rel}","templated":true}]}}