{"id":643143,"date":"2026-01-31T01:45:55","date_gmt":"2026-01-31T06:45:55","guid":{"rendered":"https:\/\/influencesport.ca\/?post_type=product&#038;p=643143"},"modified":"2026-03-13T20:19:57","modified_gmt":"2026-03-14T00:19:57","slug":"nike-gato-white-red","status":"publish","type":"product","link":"https:\/\/influencesport.ca\/en\/produit\/nike-gato-white-red\/","title":{"rendered":"Nike Gato White\/Red"},"content":{"rendered":"","protected":false},"excerpt":{"rendered":"<p><strong>D\u00e9tails sur le produit : IB8509-100<\/strong><\/p>\n<p>Les crampons de futsal Gato, sortis en 2010, \u00e9taient tr\u00e8s attendus. Les c\u00e9l\u00e8bres Gato sont de retour et pr\u00eats \u00e0 fouler les pelouses\u00a0! Cette version salle blanche et rouge associe cuir et textile haut de gamme \u00e0 une semelle ext\u00e9rieure en caoutchouc antid\u00e9rapante pour un style unique et facile \u00e0 assortir.<\/p>\n","protected":false},"featured_media":643745,"template":"","meta":{"_et_pb_use_builder":"","_et_pb_old_content":"","_et_gb_content_width":""},"product_brand":[],"product_cat":[37,16],"product_tag":[],"class_list":{"0":"post-643143","1":"product","2":"type-product","3":"status-publish","4":"has-post-thumbnail","6":"product_cat-futsal","7":"product_cat-souliers-soccer","9":"first","10":"instock","11":"featured","12":"taxable","13":"shipping-taxable","14":"purchasable","15":"product-type-variable"},"tiered_pricing_type":"fixed","tiered_pricing_fixed_rules":[],"tiered_pricing_product_settings":{"layout":"default","base_unit_name":{"singular":null,"plural":null},"default_variation":null},"tiered_pricing_minimum_quantity":null,"tiered_pricing_roles_data":[],"tiered_pricing_percentage_rules":[],"_links":{"self":[{"href":"https:\/\/influencesport.ca\/en\/wp-json\/wp\/v2\/product\/643143","targetHints":{"allow":["GET"]}}],"collection":[{"href":"https:\/\/influencesport.ca\/en\/wp-json\/wp\/v2\/product"}],"about":[{"href":"https:\/\/influencesport.ca\/en\/wp-json\/wp\/v2\/types\/product"}],"wp:featuredmedia":[{"embeddable":true,"href":"https:\/\/influencesport.ca\/en\/wp-json\/wp\/v2\/media\/643745"}],"wp:attachment":[{"href":"https:\/\/influencesport.ca\/en\/wp-json\/wp\/v2\/media?parent=643143"}],"wp:term":[{"taxonomy":"product_brand","embeddable":true,"href":"https:\/\/influencesport.ca\/en\/wp-json\/wp\/v2\/product_brand?post=643143"},{"taxonomy":"product_cat","embeddable":true,"href":"https:\/\/influencesport.ca\/en\/wp-json\/wp\/v2\/product_cat?post=643143"},{"taxonomy":"product_tag","embeddable":true,"href":"https:\/\/influencesport.ca\/en\/wp-json\/wp\/v2\/product_tag?post=643143"}],"curies":[{"name":"wp","href":"https:\/\/api.w.org\/{rel}","templated":true}]}}