{"id":643122,"date":"2026-01-31T01:45:09","date_gmt":"2026-01-31T06:45:09","guid":{"rendered":"https:\/\/influencesport.ca\/?post_type=product&#038;p=643122"},"modified":"2026-02-10T10:11:12","modified_gmt":"2026-02-10T15:11:12","slug":"nike-gato-green-pink","status":"publish","type":"product","link":"https:\/\/influencesport.ca\/en\/produit\/nike-gato-green-pink\/","title":{"rendered":"Nike Gato Green\/Pink"},"content":{"rendered":"","protected":false},"excerpt":{"rendered":"<p><strong>D\u00e9tails sur le produit : HQ6020-302<\/strong><\/p>\n<p>Lanc\u00e9e en 2010, la chaussure de futsal Gato attendait son grand retour. L\u2019attente est enfin termin\u00e9e : la Gato est de retour. Pens\u00e9e pour la rue, cette version revisit\u00e9e m\u00eale cuir premium, daim et textile l\u00e9ger pour une silhouette \u00e9pur\u00e9e, moderne et facile \u00e0 porter au quotidien.<\/p>\n","protected":false},"featured_media":643735,"template":"","meta":{"_et_pb_use_builder":"","_et_pb_old_content":"","_et_gb_content_width":""},"product_brand":[],"product_cat":[37,16],"product_tag":[],"class_list":{"0":"post-643122","1":"product","2":"type-product","3":"status-publish","4":"has-post-thumbnail","6":"product_cat-futsal","7":"product_cat-souliers-soccer","9":"first","10":"instock","11":"featured","12":"taxable","13":"shipping-taxable","14":"purchasable","15":"product-type-variable"},"tiered_pricing_type":"fixed","tiered_pricing_fixed_rules":[],"tiered_pricing_product_settings":{"layout":"default","base_unit_name":{"singular":null,"plural":null},"default_variation":null},"tiered_pricing_minimum_quantity":null,"tiered_pricing_roles_data":[],"tiered_pricing_percentage_rules":[],"_links":{"self":[{"href":"https:\/\/influencesport.ca\/en\/wp-json\/wp\/v2\/product\/643122","targetHints":{"allow":["GET"]}}],"collection":[{"href":"https:\/\/influencesport.ca\/en\/wp-json\/wp\/v2\/product"}],"about":[{"href":"https:\/\/influencesport.ca\/en\/wp-json\/wp\/v2\/types\/product"}],"wp:featuredmedia":[{"embeddable":true,"href":"https:\/\/influencesport.ca\/en\/wp-json\/wp\/v2\/media\/643735"}],"wp:attachment":[{"href":"https:\/\/influencesport.ca\/en\/wp-json\/wp\/v2\/media?parent=643122"}],"wp:term":[{"taxonomy":"product_brand","embeddable":true,"href":"https:\/\/influencesport.ca\/en\/wp-json\/wp\/v2\/product_brand?post=643122"},{"taxonomy":"product_cat","embeddable":true,"href":"https:\/\/influencesport.ca\/en\/wp-json\/wp\/v2\/product_cat?post=643122"},{"taxonomy":"product_tag","embeddable":true,"href":"https:\/\/influencesport.ca\/en\/wp-json\/wp\/v2\/product_tag?post=643122"}],"curies":[{"name":"wp","href":"https:\/\/api.w.org\/{rel}","templated":true}]}}