{"id":643110,"date":"2026-01-31T01:44:48","date_gmt":"2026-01-31T06:44:48","guid":{"rendered":"https:\/\/influencesport.ca\/?post_type=product&#038;p=643110"},"modified":"2026-02-26T12:56:53","modified_gmt":"2026-02-26T17:56:53","slug":"nike-gato-pink","status":"publish","type":"product","link":"https:\/\/influencesport.ca\/en\/produit\/nike-gato-pink\/","title":{"rendered":"Nike Gato Pink"},"content":{"rendered":"","protected":false},"excerpt":{"rendered":"<p><strong>D\u00e9tails sur le produit : HQ6019-601<\/strong><\/p>\n<p><span dir=\"auto\">La chaussure de futsal Gato, sortie en 2010, attendait son grand retour. L&#8217;attente est enfin termin\u00e9e\u00a0: la Gato est de retour\u00a0! Con\u00e7ue pour la rue, cette version \u00e9pur\u00e9e associe cuir premium, daim et textile l\u00e9ger pour un look superpos\u00e9 facile \u00e0 porter.<\/span><\/p>\n","protected":false},"featured_media":643563,"template":"","meta":{"_et_pb_use_builder":"","_et_pb_old_content":"","_et_gb_content_width":""},"product_brand":[],"product_cat":[37,16],"product_tag":[],"class_list":{"0":"post-643110","1":"product","2":"type-product","3":"status-publish","4":"has-post-thumbnail","6":"product_cat-futsal","7":"product_cat-souliers-soccer","9":"first","10":"instock","11":"featured","12":"taxable","13":"shipping-taxable","14":"purchasable","15":"product-type-variable"},"tiered_pricing_type":"fixed","tiered_pricing_fixed_rules":[],"tiered_pricing_product_settings":{"layout":"default","base_unit_name":{"singular":null,"plural":null},"default_variation":null},"tiered_pricing_minimum_quantity":null,"tiered_pricing_roles_data":[],"tiered_pricing_percentage_rules":[],"_links":{"self":[{"href":"https:\/\/influencesport.ca\/en\/wp-json\/wp\/v2\/product\/643110","targetHints":{"allow":["GET"]}}],"collection":[{"href":"https:\/\/influencesport.ca\/en\/wp-json\/wp\/v2\/product"}],"about":[{"href":"https:\/\/influencesport.ca\/en\/wp-json\/wp\/v2\/types\/product"}],"wp:featuredmedia":[{"embeddable":true,"href":"https:\/\/influencesport.ca\/en\/wp-json\/wp\/v2\/media\/643563"}],"wp:attachment":[{"href":"https:\/\/influencesport.ca\/en\/wp-json\/wp\/v2\/media?parent=643110"}],"wp:term":[{"taxonomy":"product_brand","embeddable":true,"href":"https:\/\/influencesport.ca\/en\/wp-json\/wp\/v2\/product_brand?post=643110"},{"taxonomy":"product_cat","embeddable":true,"href":"https:\/\/influencesport.ca\/en\/wp-json\/wp\/v2\/product_cat?post=643110"},{"taxonomy":"product_tag","embeddable":true,"href":"https:\/\/influencesport.ca\/en\/wp-json\/wp\/v2\/product_tag?post=643110"}],"curies":[{"name":"wp","href":"https:\/\/api.w.org\/{rel}","templated":true}]}}