{"id":643082,"date":"2026-01-31T01:43:59","date_gmt":"2026-01-31T06:43:59","guid":{"rendered":"https:\/\/influencesport.ca\/?post_type=product&#038;p=643082"},"modified":"2026-03-05T17:31:56","modified_gmt":"2026-03-05T22:31:56","slug":"nike-tiemporeactgato","status":"publish","type":"product","link":"https:\/\/influencesport.ca\/en\/produit\/nike-tiemporeactgato\/","title":{"rendered":"Nike TiempoReactgato"},"content":{"rendered":"","protected":false},"excerpt":{"rendered":"<p><strong>D\u00e9tails sur le produit : HQ3159-170<\/strong><\/p>\n<p>Transformez chaque touche de balle en action avec la Nike Tiempo Reactgato. Sa toute nouvelle mati\u00e8re TechLeather, plus souple que le cuir naturel, associ\u00e9e \u00e0 une semelle interm\u00e9diaire ReactX r\u00e9active, vous offre le contr\u00f4le n\u00e9cessaire pour d\u00e9stabiliser n&#8217;importe quelle d\u00e9fense.<\/p>\n","protected":false},"featured_media":643539,"template":"","meta":{"_et_pb_use_builder":"","_et_pb_old_content":"","_et_gb_content_width":""},"product_brand":[],"product_cat":[37,16],"product_tag":[],"class_list":{"0":"post-643082","1":"product","2":"type-product","3":"status-publish","4":"has-post-thumbnail","6":"product_cat-futsal","7":"product_cat-souliers-soccer","9":"first","10":"instock","11":"featured","12":"taxable","13":"shipping-taxable","14":"purchasable","15":"product-type-variable"},"tiered_pricing_type":"fixed","tiered_pricing_fixed_rules":[],"tiered_pricing_product_settings":{"layout":"default","base_unit_name":{"singular":null,"plural":null},"default_variation":null},"tiered_pricing_minimum_quantity":null,"tiered_pricing_roles_data":[],"tiered_pricing_percentage_rules":[],"_links":{"self":[{"href":"https:\/\/influencesport.ca\/en\/wp-json\/wp\/v2\/product\/643082","targetHints":{"allow":["GET"]}}],"collection":[{"href":"https:\/\/influencesport.ca\/en\/wp-json\/wp\/v2\/product"}],"about":[{"href":"https:\/\/influencesport.ca\/en\/wp-json\/wp\/v2\/types\/product"}],"wp:featuredmedia":[{"embeddable":true,"href":"https:\/\/influencesport.ca\/en\/wp-json\/wp\/v2\/media\/643539"}],"wp:attachment":[{"href":"https:\/\/influencesport.ca\/en\/wp-json\/wp\/v2\/media?parent=643082"}],"wp:term":[{"taxonomy":"product_brand","embeddable":true,"href":"https:\/\/influencesport.ca\/en\/wp-json\/wp\/v2\/product_brand?post=643082"},{"taxonomy":"product_cat","embeddable":true,"href":"https:\/\/influencesport.ca\/en\/wp-json\/wp\/v2\/product_cat?post=643082"},{"taxonomy":"product_tag","embeddable":true,"href":"https:\/\/influencesport.ca\/en\/wp-json\/wp\/v2\/product_tag?post=643082"}],"curies":[{"name":"wp","href":"https:\/\/api.w.org\/{rel}","templated":true}]}}