{"id":643070,"date":"2026-01-31T01:43:38","date_gmt":"2026-01-31T06:43:38","guid":{"rendered":"https:\/\/influencesport.ca\/?post_type=product&#038;p=643070"},"modified":"2026-03-06T10:30:25","modified_gmt":"2026-03-06T15:30:25","slug":"nike-tiempo-reactgato","status":"publish","type":"product","link":"https:\/\/influencesport.ca\/en\/produit\/nike-tiempo-reactgato\/","title":{"rendered":"Nike Tiempo Reactgato"},"content":{"rendered":"","protected":false},"excerpt":{"rendered":"<p><strong>D\u00e9tails sur le produit : HQ3159-146<\/strong><\/p>\n<p>Transformez le toucher de balle en action avec la Nike Tiempo Reactgato. Sa toute nouvelle mati\u00e8re TechLeather, plus souple que le cuir naturel, associ\u00e9e \u00e0 une semelle interm\u00e9diaire ReactX r\u00e9active, vous offre le contr\u00f4le n\u00e9cessaire pour d\u00e9stabiliser n&#8217;importe quelle d\u00e9fense.<\/p>\n","protected":false},"featured_media":643524,"template":"","meta":{"_et_pb_use_builder":"","_et_pb_old_content":"","_et_gb_content_width":""},"product_brand":[],"product_cat":[37,16],"product_tag":[],"class_list":{"0":"post-643070","1":"product","2":"type-product","3":"status-publish","4":"has-post-thumbnail","6":"product_cat-futsal","7":"product_cat-souliers-soccer","9":"first","10":"instock","11":"featured","12":"taxable","13":"shipping-taxable","14":"purchasable","15":"product-type-variable"},"tiered_pricing_type":"fixed","tiered_pricing_fixed_rules":[],"tiered_pricing_product_settings":{"layout":"default","base_unit_name":{"singular":null,"plural":null},"default_variation":null},"tiered_pricing_minimum_quantity":null,"tiered_pricing_roles_data":[],"tiered_pricing_percentage_rules":[],"_links":{"self":[{"href":"https:\/\/influencesport.ca\/en\/wp-json\/wp\/v2\/product\/643070","targetHints":{"allow":["GET"]}}],"collection":[{"href":"https:\/\/influencesport.ca\/en\/wp-json\/wp\/v2\/product"}],"about":[{"href":"https:\/\/influencesport.ca\/en\/wp-json\/wp\/v2\/types\/product"}],"wp:featuredmedia":[{"embeddable":true,"href":"https:\/\/influencesport.ca\/en\/wp-json\/wp\/v2\/media\/643524"}],"wp:attachment":[{"href":"https:\/\/influencesport.ca\/en\/wp-json\/wp\/v2\/media?parent=643070"}],"wp:term":[{"taxonomy":"product_brand","embeddable":true,"href":"https:\/\/influencesport.ca\/en\/wp-json\/wp\/v2\/product_brand?post=643070"},{"taxonomy":"product_cat","embeddable":true,"href":"https:\/\/influencesport.ca\/en\/wp-json\/wp\/v2\/product_cat?post=643070"},{"taxonomy":"product_tag","embeddable":true,"href":"https:\/\/influencesport.ca\/en\/wp-json\/wp\/v2\/product_tag?post=643070"}],"curies":[{"name":"wp","href":"https:\/\/api.w.org\/{rel}","templated":true}]}}