{"id":643005,"date":"2026-01-30T01:43:43","date_gmt":"2026-01-30T06:43:43","guid":{"rendered":"https:\/\/influencesport.ca\/?post_type=product&#038;p=643005"},"modified":"2026-03-22T11:14:55","modified_gmt":"2026-03-22T15:14:55","slug":"nike-jr-vapor-16-academy-fg-mg-vjr","status":"publish","type":"product","link":"https:\/\/influencesport.ca\/en\/produit\/nike-jr-vapor-16-academy-fg-mg-vjr\/","title":{"rendered":"Nike Jr Vapor 16 Academy FG\/MG VJR"},"content":{"rendered":"","protected":false},"excerpt":{"rendered":"<p><strong>D\u00e9tails sur le produit : IM3650-640<\/strong><\/p>\n<p>Sur le terrain, vous voulez qu&#8217;on vous remarque, tout comme Vini Jr. Inspir\u00e9es par le style qu&#8217;il apporte \u00e0 chaque match, ces chaussures \u00e0 crampons qui attirent le regard sont dot\u00e9es d&#8217;un amorti Air Zoom dynamique et d&#8217;une semelle ext\u00e9rieure ondul\u00e9e pour que les d\u00e9fenseurs ne les voient plus lorsque vous les d\u00e9passez.<\/p>\n","protected":false},"featured_media":645204,"template":"","meta":{"_et_pb_use_builder":"","_et_pb_old_content":"","_et_gb_content_width":""},"product_brand":[],"product_cat":[17,16],"product_tag":[],"class_list":{"0":"post-643005","1":"product","2":"type-product","3":"status-publish","4":"has-post-thumbnail","6":"product_cat-crampons","7":"product_cat-souliers-soccer","9":"first","10":"instock","11":"featured","12":"taxable","13":"shipping-taxable","14":"purchasable","15":"product-type-variable"},"tiered_pricing_type":"fixed","tiered_pricing_fixed_rules":[],"tiered_pricing_product_settings":{"layout":"default","base_unit_name":{"singular":null,"plural":null},"default_variation":null},"tiered_pricing_minimum_quantity":null,"tiered_pricing_roles_data":[],"tiered_pricing_percentage_rules":[],"_links":{"self":[{"href":"https:\/\/influencesport.ca\/en\/wp-json\/wp\/v2\/product\/643005","targetHints":{"allow":["GET"]}}],"collection":[{"href":"https:\/\/influencesport.ca\/en\/wp-json\/wp\/v2\/product"}],"about":[{"href":"https:\/\/influencesport.ca\/en\/wp-json\/wp\/v2\/types\/product"}],"wp:featuredmedia":[{"embeddable":true,"href":"https:\/\/influencesport.ca\/en\/wp-json\/wp\/v2\/media\/645204"}],"wp:attachment":[{"href":"https:\/\/influencesport.ca\/en\/wp-json\/wp\/v2\/media?parent=643005"}],"wp:term":[{"taxonomy":"product_brand","embeddable":true,"href":"https:\/\/influencesport.ca\/en\/wp-json\/wp\/v2\/product_brand?post=643005"},{"taxonomy":"product_cat","embeddable":true,"href":"https:\/\/influencesport.ca\/en\/wp-json\/wp\/v2\/product_cat?post=643005"},{"taxonomy":"product_tag","embeddable":true,"href":"https:\/\/influencesport.ca\/en\/wp-json\/wp\/v2\/product_tag?post=643005"}],"curies":[{"name":"wp","href":"https:\/\/api.w.org\/{rel}","templated":true}]}}