{"id":643000,"date":"2026-02-09T01:43:34","date_gmt":"2026-02-09T06:43:34","guid":{"rendered":"https:\/\/influencesport.ca\/?post_type=product&#038;p=643000"},"modified":"2026-03-25T19:16:29","modified_gmt":"2026-03-25T23:16:29","slug":"nike-jr-vapor-16-pro-vjr-fg","status":"publish","type":"product","link":"https:\/\/influencesport.ca\/en\/produit\/nike-jr-vapor-16-pro-vjr-fg\/","title":{"rendered":"Nike Jr Vapor 16 Pro VJR FG"},"content":{"rendered":"","protected":false},"excerpt":{"rendered":"<p><strong>D\u00e9tails sur le produit : IM3649-640<\/strong><\/p>\n<p>Quand tu es sur le terrain, tu veux te faire remarquer, tout comme Vini Jr. Inspir\u00e9es par le style qu&#8217;il apporte \u00e0 chaque match, ces chaussures \u00e0 crampons originales sont fabriqu\u00e9es avec un amorti Air Zoom rebondissant et un motif d&#8217;adh\u00e9rence en forme de vague pour t&#8217;assurer qu&#8217;elles sont la derni\u00e8re chose que la d\u00e9fense voie lorsque tu passes.<\/p>\n","protected":false},"featured_media":651134,"template":"","meta":{"_et_pb_use_builder":"","_et_pb_old_content":"","_et_gb_content_width":""},"product_brand":[],"product_cat":[17,16],"product_tag":[],"class_list":{"0":"post-643000","1":"product","2":"type-product","3":"status-publish","4":"has-post-thumbnail","6":"product_cat-crampons","7":"product_cat-souliers-soccer","9":"first","10":"instock","11":"featured","12":"taxable","13":"shipping-taxable","14":"purchasable","15":"product-type-variable"},"tiered_pricing_type":"fixed","tiered_pricing_fixed_rules":[],"tiered_pricing_product_settings":{"layout":"default","base_unit_name":{"singular":null,"plural":null},"default_variation":null},"tiered_pricing_minimum_quantity":null,"tiered_pricing_roles_data":[],"tiered_pricing_percentage_rules":[],"_links":{"self":[{"href":"https:\/\/influencesport.ca\/en\/wp-json\/wp\/v2\/product\/643000","targetHints":{"allow":["GET"]}}],"collection":[{"href":"https:\/\/influencesport.ca\/en\/wp-json\/wp\/v2\/product"}],"about":[{"href":"https:\/\/influencesport.ca\/en\/wp-json\/wp\/v2\/types\/product"}],"wp:featuredmedia":[{"embeddable":true,"href":"https:\/\/influencesport.ca\/en\/wp-json\/wp\/v2\/media\/651134"}],"wp:attachment":[{"href":"https:\/\/influencesport.ca\/en\/wp-json\/wp\/v2\/media?parent=643000"}],"wp:term":[{"taxonomy":"product_brand","embeddable":true,"href":"https:\/\/influencesport.ca\/en\/wp-json\/wp\/v2\/product_brand?post=643000"},{"taxonomy":"product_cat","embeddable":true,"href":"https:\/\/influencesport.ca\/en\/wp-json\/wp\/v2\/product_cat?post=643000"},{"taxonomy":"product_tag","embeddable":true,"href":"https:\/\/influencesport.ca\/en\/wp-json\/wp\/v2\/product_tag?post=643000"}],"curies":[{"name":"wp","href":"https:\/\/api.w.org\/{rel}","templated":true}]}}